{"id":8633,"date":"2023-01-24T13:59:51","date_gmt":"2023-01-24T13:59:51","guid":{"rendered":"https:\/\/www.viskanspa.no\/?post_type=product&#038;p=8633"},"modified":"2025-06-20T06:43:59","modified_gmt":"2025-06-20T06:43:59","slug":"rofylld","status":"publish","type":"product","link":"https:\/\/www.viskanspa.no\/en\/spabad\/bad\/rofylld\/","title":{"rendered":"Rofylld"},"content":{"rendered":"<p><strong>ANTALL PLASSER<\/strong><\/p>\n<p><img decoding=\"async\" class=\"alignnone wp-image-6573\" src=\"https:\/\/www.viskanspa.no\/wp-content\/uploads\/2022\/04\/viskan_spa_antal_platser.png\" alt=\"\" width=\"23\" height=\"56\" srcset=\"https:\/\/www.viskanspa.no\/wp-content\/uploads\/2022\/04\/viskan_spa_antal_platser.png 40w, https:\/\/www.viskanspa.no\/wp-content\/uploads\/2022\/04\/viskan_spa_antal_platser-5x12.png 5w\" sizes=\"(max-width: 23px) 100vw, 23px\" \/><img decoding=\"async\" class=\"alignnone wp-image-6573\" src=\"https:\/\/www.viskanspa.no\/wp-content\/uploads\/2022\/04\/viskan_spa_antal_platser.png\" alt=\"\" width=\"23\" height=\"56\" srcset=\"https:\/\/www.viskanspa.no\/wp-content\/uploads\/2022\/04\/viskan_spa_antal_platser.png 40w, https:\/\/www.viskanspa.no\/wp-content\/uploads\/2022\/04\/viskan_spa_antal_platser-5x12.png 5w\" sizes=\"(max-width: 23px) 100vw, 23px\" \/><img decoding=\"async\" class=\"alignnone wp-image-6573\" src=\"https:\/\/www.viskanspa.no\/wp-content\/uploads\/2022\/04\/viskan_spa_antal_platser.png\" alt=\"\" width=\"23\" height=\"56\" srcset=\"https:\/\/www.viskanspa.no\/wp-content\/uploads\/2022\/04\/viskan_spa_antal_platser.png 40w, https:\/\/www.viskanspa.no\/wp-content\/uploads\/2022\/04\/viskan_spa_antal_platser-5x12.png 5w\" sizes=\"(max-width: 23px) 100vw, 23px\" \/><img decoding=\"async\" class=\"alignnone wp-image-6573\" src=\"https:\/\/www.viskanspa.no\/wp-content\/uploads\/2022\/04\/viskan_spa_antal_platser.png\" alt=\"\" width=\"23\" height=\"56\" srcset=\"https:\/\/www.viskanspa.no\/wp-content\/uploads\/2022\/04\/viskan_spa_antal_platser.png 40w, https:\/\/www.viskanspa.no\/wp-content\/uploads\/2022\/04\/viskan_spa_antal_platser-5x12.png 5w\" sizes=\"(max-width: 23px) 100vw, 23px\" \/><img decoding=\"async\" class=\"alignnone wp-image-6573\" src=\"https:\/\/www.viskanspa.no\/wp-content\/uploads\/2022\/04\/viskan_spa_antal_platser.png\" alt=\"\" width=\"23\" height=\"56\" srcset=\"https:\/\/www.viskanspa.no\/wp-content\/uploads\/2022\/04\/viskan_spa_antal_platser.png 40w, https:\/\/www.viskanspa.no\/wp-content\/uploads\/2022\/04\/viskan_spa_antal_platser-5x12.png 5w\" sizes=\"(max-width: 23px) 100vw, 23px\" \/><img decoding=\"async\" class=\"alignnone wp-image-6573\" src=\"https:\/\/www.viskanspa.no\/wp-content\/uploads\/2022\/04\/viskan_spa_antal_platser.png\" alt=\"\" width=\"23\" height=\"56\" srcset=\"https:\/\/www.viskanspa.no\/wp-content\/uploads\/2022\/04\/viskan_spa_antal_platser.png 40w, https:\/\/www.viskanspa.no\/wp-content\/uploads\/2022\/04\/viskan_spa_antal_platser-5x12.png 5w\" sizes=\"(max-width: 23px) 100vw, 23px\" \/><\/p>\n<p><strong>SETETYPER<\/strong><\/p>\n<p><img decoding=\"async\" class=\"alignnone wp-image-6574\" src=\"https:\/\/www.viskanspa.no\/wp-content\/uploads\/2022\/04\/viskan_spa_platstyp_sittande.png\" alt=\"\" width=\"46\" height=\"60\" srcset=\"https:\/\/www.viskanspa.no\/wp-content\/uploads\/2022\/04\/viskan_spa_platstyp_sittande.png 76w, https:\/\/www.viskanspa.no\/wp-content\/uploads\/2022\/04\/viskan_spa_platstyp_sittande-64x83.png 64w, https:\/\/www.viskanspa.no\/wp-content\/uploads\/2022\/04\/viskan_spa_platstyp_sittande-9x12.png 9w\" sizes=\"(max-width: 46px) 100vw, 46px\" \/><\/p>\n<p><strong>SKALLFARGE<\/strong><\/p>\n<p><img decoding=\"async\" class=\"alignnone wp-image-13742 size-full\" src=\"https:\/\/www.viskanspa.no\/wp-content\/uploads\/2022\/04\/Sterling-skal.png\" alt=\"\" width=\"113\" height=\"113\" srcset=\"https:\/\/www.viskanspa.no\/wp-content\/uploads\/2022\/04\/Sterling-skal.png 113w, https:\/\/www.viskanspa.no\/wp-content\/uploads\/2022\/04\/Sterling-skal-100x100.png 100w, https:\/\/www.viskanspa.no\/wp-content\/uploads\/2022\/04\/Sterling-skal-64x64.png 64w, https:\/\/www.viskanspa.no\/wp-content\/uploads\/2022\/04\/Sterling-skal-12x12.png 12w\" sizes=\"(max-width: 113px) 100vw, 113px\" \/><br \/>\n<em>Sterling<\/em><\/p>\n<p><strong><br \/>\nPANELFARGER<\/strong><\/p>\n<p><img loading=\"lazy\" decoding=\"async\" class=\"alignnone wp-image-13708\" src=\"https:\/\/www.viskanspa.no\/wp-content\/uploads\/2023\/01\/Ny-Panel-Brun_3-300x300.png\" alt=\"\" width=\"125\" height=\"125\" srcset=\"https:\/\/www.viskanspa.no\/wp-content\/uploads\/2023\/01\/Ny-Panel-Brun_3-300x300.png 300w, https:\/\/www.viskanspa.no\/wp-content\/uploads\/2023\/01\/Ny-Panel-Brun_3-297x297.png 297w, https:\/\/www.viskanspa.no\/wp-content\/uploads\/2023\/01\/Ny-Panel-Brun_3-100x100.png 100w, https:\/\/www.viskanspa.no\/wp-content\/uploads\/2023\/01\/Ny-Panel-Brun_3-505x505.png 505w, https:\/\/www.viskanspa.no\/wp-content\/uploads\/2023\/01\/Ny-Panel-Brun_3-64x64.png 64w, https:\/\/www.viskanspa.no\/wp-content\/uploads\/2023\/01\/Ny-Panel-Brun_3-1024x1024.png 1024w, https:\/\/www.viskanspa.no\/wp-content\/uploads\/2023\/01\/Ny-Panel-Brun_3-150x150.png 150w, https:\/\/www.viskanspa.no\/wp-content\/uploads\/2023\/01\/Ny-Panel-Brun_3-768x768.png 768w, https:\/\/www.viskanspa.no\/wp-content\/uploads\/2023\/01\/Ny-Panel-Brun_3-12x12.png 12w, https:\/\/www.viskanspa.no\/wp-content\/uploads\/2023\/01\/Ny-Panel-Brun_3.png 1080w\" sizes=\"(max-width: 125px) 100vw, 125px\" \/>\u00a0 \u00a0 <img loading=\"lazy\" decoding=\"async\" class=\"alignnone wp-image-13711\" src=\"https:\/\/www.viskanspa.no\/wp-content\/uploads\/2023\/01\/Ny-panel-Svart_2-HIGH-RES-Svart-300x300.jpg\" alt=\"\" width=\"124\" height=\"124\" srcset=\"https:\/\/www.viskanspa.no\/wp-content\/uploads\/2023\/01\/Ny-panel-Svart_2-HIGH-RES-Svart-300x300.jpg 300w, https:\/\/www.viskanspa.no\/wp-content\/uploads\/2023\/01\/Ny-panel-Svart_2-HIGH-RES-Svart-297x297.jpg 297w, https:\/\/www.viskanspa.no\/wp-content\/uploads\/2023\/01\/Ny-panel-Svart_2-HIGH-RES-Svart-100x100.jpg 100w, https:\/\/www.viskanspa.no\/wp-content\/uploads\/2023\/01\/Ny-panel-Svart_2-HIGH-RES-Svart-505x505.jpg 505w, https:\/\/www.viskanspa.no\/wp-content\/uploads\/2023\/01\/Ny-panel-Svart_2-HIGH-RES-Svart-64x64.jpg 64w, https:\/\/www.viskanspa.no\/wp-content\/uploads\/2023\/01\/Ny-panel-Svart_2-HIGH-RES-Svart-1024x1024.jpg 1024w, https:\/\/www.viskanspa.no\/wp-content\/uploads\/2023\/01\/Ny-panel-Svart_2-HIGH-RES-Svart-150x150.jpg 150w, https:\/\/www.viskanspa.no\/wp-content\/uploads\/2023\/01\/Ny-panel-Svart_2-HIGH-RES-Svart-768x768.jpg 768w, https:\/\/www.viskanspa.no\/wp-content\/uploads\/2023\/01\/Ny-panel-Svart_2-HIGH-RES-Svart-12x12.jpg 12w, https:\/\/www.viskanspa.no\/wp-content\/uploads\/2023\/01\/Ny-panel-Svart_2-HIGH-RES-Svart.jpg 1080w\" sizes=\"(max-width: 124px) 100vw, 124px\" \/><br \/>\n<em>Sand\u00a0 \u00a0 \u00a0 \u00a0 \u00a0 \u00a0 \u00a0 \u00a0 \u00a0 \u00a0 \u00a0 \u00a0 \u00a0 \u00a0 Svart<\/em><\/p>","protected":false},"excerpt":{"rendered":"<h4>Rofylld &#8211; et bad med plass til mange<\/h4>\n<p>I et Viskan Rofylld kan du nyte det varme og deilige vannet i total taushet og stillhet.<\/p>\n<p>Badet st\u00e5r alltid klar til \u00e5 nytes under \u00e5pen himmel uansett \u00e5rstid. Det er med andre ord bare \u00e5 l\u00f8fte av lokket og senke seg ned i det deilige vannet, som sammen med undervannsbelysningen gj\u00f8r kveldsbadet ekstra koselig. Her f\u00e5r du virkelig spaf\u00f8lelsen.<\/p>\n<p><strong>Veil.pris: 109 900 kr<\/strong><\/p>","protected":false},"featured_media":8635,"template":"","meta":{"_acf_changed":false,"om_disable_all_campaigns":false,"_monsterinsights_skip_tracking":false,"_monsterinsights_sitenote_active":false,"_monsterinsights_sitenote_note":"","_monsterinsights_sitenote_category":0},"product_brand":[],"product_cat":[54],"product_tag":[],"class_list":{"0":"post-8633","1":"product","2":"type-product","3":"status-publish","4":"has-post-thumbnail","6":"product_cat-bad","8":"first","9":"instock","10":"taxable","11":"shipping-taxable","12":"product-type-simple"},"acf":[],"aioseo_notices":[],"_links":{"self":[{"href":"https:\/\/www.viskanspa.no\/en\/wp-json\/wp\/v2\/product\/8633","targetHints":{"allow":["GET"]}}],"collection":[{"href":"https:\/\/www.viskanspa.no\/en\/wp-json\/wp\/v2\/product"}],"about":[{"href":"https:\/\/www.viskanspa.no\/en\/wp-json\/wp\/v2\/types\/product"}],"wp:featuredmedia":[{"embeddable":true,"href":"https:\/\/www.viskanspa.no\/en\/wp-json\/wp\/v2\/media\/8635"}],"wp:attachment":[{"href":"https:\/\/www.viskanspa.no\/en\/wp-json\/wp\/v2\/media?parent=8633"}],"wp:term":[{"taxonomy":"product_brand","embeddable":true,"href":"https:\/\/www.viskanspa.no\/en\/wp-json\/wp\/v2\/product_brand?post=8633"},{"taxonomy":"product_cat","embeddable":true,"href":"https:\/\/www.viskanspa.no\/en\/wp-json\/wp\/v2\/product_cat?post=8633"},{"taxonomy":"product_tag","embeddable":true,"href":"https:\/\/www.viskanspa.no\/en\/wp-json\/wp\/v2\/product_tag?post=8633"}],"curies":[{"name":"wp","href":"https:\/\/api.w.org\/{rel}","templated":true}]}}