{"id":6860,"date":"2022-07-11T13:45:14","date_gmt":"2022-07-11T13:45:14","guid":{"rendered":"https:\/\/www.viskanspa.no\/?post_type=product&#038;p=6860"},"modified":"2025-06-20T05:41:47","modified_gmt":"2025-06-20T05:41:47","slug":"viskan-lovo","status":"publish","type":"product","link":"https:\/\/www.viskanspa.no\/en\/spabad\/s-serien\/viskan-lovo\/","title":{"rendered":"Viskan Lov\u00f6"},"content":{"rendered":"<p><strong>ANTALL PLASSER<\/strong><\/p>\n<p><img decoding=\"async\" class=\"alignnone wp-image-6573\" src=\"https:\/\/www.viskanspa.no\/wp-content\/uploads\/2022\/04\/viskan_spa_antal_platser.png\" alt=\"\" width=\"24\" height=\"60\" srcset=\"https:\/\/www.viskanspa.no\/wp-content\/uploads\/2022\/04\/viskan_spa_antal_platser.png 40w, https:\/\/www.viskanspa.no\/wp-content\/uploads\/2022\/04\/viskan_spa_antal_platser-5x12.png 5w\" sizes=\"(max-width: 24px) 100vw, 24px\" \/><img decoding=\"async\" class=\"alignnone wp-image-6573\" src=\"https:\/\/www.viskanspa.no\/wp-content\/uploads\/2022\/04\/viskan_spa_antal_platser.png\" alt=\"\" width=\"24\" height=\"60\" srcset=\"https:\/\/www.viskanspa.no\/wp-content\/uploads\/2022\/04\/viskan_spa_antal_platser.png 40w, https:\/\/www.viskanspa.no\/wp-content\/uploads\/2022\/04\/viskan_spa_antal_platser-5x12.png 5w\" sizes=\"(max-width: 24px) 100vw, 24px\" \/><img decoding=\"async\" class=\"alignnone wp-image-6573\" src=\"https:\/\/www.viskanspa.no\/wp-content\/uploads\/2022\/04\/viskan_spa_antal_platser.png\" alt=\"\" width=\"24\" height=\"60\" srcset=\"https:\/\/www.viskanspa.no\/wp-content\/uploads\/2022\/04\/viskan_spa_antal_platser.png 40w, https:\/\/www.viskanspa.no\/wp-content\/uploads\/2022\/04\/viskan_spa_antal_platser-5x12.png 5w\" sizes=\"(max-width: 24px) 100vw, 24px\" \/><\/p>\n<p><strong>SETETYPER<\/strong><\/p>\n<p><img decoding=\"async\" class=\"alignnone wp-image-6574\" src=\"https:\/\/www.viskanspa.no\/wp-content\/uploads\/2022\/04\/viskan_spa_platstyp_sittande.png\" alt=\"\" width=\"46\" height=\"60\" srcset=\"https:\/\/www.viskanspa.no\/wp-content\/uploads\/2022\/04\/viskan_spa_platstyp_sittande.png 76w, https:\/\/www.viskanspa.no\/wp-content\/uploads\/2022\/04\/viskan_spa_platstyp_sittande-64x83.png 64w, https:\/\/www.viskanspa.no\/wp-content\/uploads\/2022\/04\/viskan_spa_platstyp_sittande-9x12.png 9w\" sizes=\"(max-width: 46px) 100vw, 46px\" \/> <img decoding=\"async\" class=\"alignnone wp-image-6575\" src=\"https:\/\/www.viskanspa.no\/wp-content\/uploads\/2022\/04\/viskan_spa_platstyp_liggande.png\" alt=\"\" width=\"90\" height=\"60\" srcset=\"https:\/\/www.viskanspa.no\/wp-content\/uploads\/2022\/04\/viskan_spa_platstyp_liggande.png 148w, https:\/\/www.viskanspa.no\/wp-content\/uploads\/2022\/04\/viskan_spa_platstyp_liggande-64x43.png 64w, https:\/\/www.viskanspa.no\/wp-content\/uploads\/2022\/04\/viskan_spa_platstyp_liggande-18x12.png 18w\" sizes=\"(max-width: 90px) 100vw, 90px\" \/><\/p>\n<p><strong>MASSASJEVARIANTER<\/strong><\/p>\n<div class=\"modells\">\n<div class=\"modell-col\">\n<div><img decoding=\"async\" src=\"\/wp-content\/uploads\/2022\/07\/viskan_spa_punktmassage.png\" alt=\"\" \/>Fixed, directional, single-point massage<\/div>\n<div><img decoding=\"async\" src=\"\/wp-content\/uploads\/2022\/07\/viskan_spa_knadande_massage.png\" alt=\"\" \/>Pummelling massage<\/div>\n<div><img decoding=\"async\" src=\"\/wp-content\/uploads\/2022\/04\/viskan_spa__wifi_ikon.png\" alt=\"\" \/>Styr spabadet via WiFi med en app fra din mobile enhet. Finnes som tilvalg p\u00e5 dette badet.<\/div>\n<\/div>\n<\/div>\n<div><\/div>\n<div><\/div>\n<div>\n<p><strong>Ved kj\u00f8p av lokkl\u00f8fter til Viskan Lov\u00f6<\/strong><\/p>\n<p>OBS! Siden dette spaet er av mindre modell, er det ikke alle v\u00e5re lokkl\u00f8ftere som passer uten at man selv m\u00e5 kutte av omtrent en desimeter av svingarmene eller l\u00f8ftearmene.<\/p>\n<\/div>","protected":false},"excerpt":{"rendered":"<h4>Det er innsiden som teller<\/h4>\n<p>Lov\u00f6 er et bad med et lite ytre, men som har et stort indre. Til tross for at badet kun er 79 cm. h\u00f8yt, er setene utformet p\u00e5 en slik m\u00e5te at man sitter behagelig og komfortabelt med en h\u00f8y vannlinje. Lov\u00f6 byr p\u00e5 en liggeplass i full lengde, samt to behagelige hj\u00f8rneseter. Badet er ogs\u00e5 utstyrt med to kraftige massasjepumper som driver de pulserende og justerbare punktmassasjedysene. Du kan selv justere styrken i setet du sitter i med lett tilgjengelige vann- og luftkontrollere.<\/p>\n<p><strong>Veil.pris: 139 900 kr<\/strong><\/p>\n<p><a class=\"btn\" href=\"\/en\/valja-spabad\/\">Sjekk ut v\u00e5r guide for hvordan du velger panel, skallfarge og lokk her \u00bb<\/a><\/p>","protected":false},"featured_media":6861,"template":"","meta":{"_acf_changed":false,"om_disable_all_campaigns":false,"_monsterinsights_skip_tracking":false,"_monsterinsights_sitenote_active":false,"_monsterinsights_sitenote_note":"","_monsterinsights_sitenote_category":0},"product_brand":[],"product_cat":[55],"product_tag":[],"class_list":{"0":"post-6860","1":"product","2":"type-product","3":"status-publish","4":"has-post-thumbnail","6":"product_cat-s-serien","8":"first","9":"instock","10":"taxable","11":"shipping-taxable","12":"product-type-simple"},"acf":[],"aioseo_notices":[],"_links":{"self":[{"href":"https:\/\/www.viskanspa.no\/en\/wp-json\/wp\/v2\/product\/6860","targetHints":{"allow":["GET"]}}],"collection":[{"href":"https:\/\/www.viskanspa.no\/en\/wp-json\/wp\/v2\/product"}],"about":[{"href":"https:\/\/www.viskanspa.no\/en\/wp-json\/wp\/v2\/types\/product"}],"wp:featuredmedia":[{"embeddable":true,"href":"https:\/\/www.viskanspa.no\/en\/wp-json\/wp\/v2\/media\/6861"}],"wp:attachment":[{"href":"https:\/\/www.viskanspa.no\/en\/wp-json\/wp\/v2\/media?parent=6860"}],"wp:term":[{"taxonomy":"product_brand","embeddable":true,"href":"https:\/\/www.viskanspa.no\/en\/wp-json\/wp\/v2\/product_brand?post=6860"},{"taxonomy":"product_cat","embeddable":true,"href":"https:\/\/www.viskanspa.no\/en\/wp-json\/wp\/v2\/product_cat?post=6860"},{"taxonomy":"product_tag","embeddable":true,"href":"https:\/\/www.viskanspa.no\/en\/wp-json\/wp\/v2\/product_tag?post=6860"}],"curies":[{"name":"wp","href":"https:\/\/api.w.org\/{rel}","templated":true}]}}