{"id":6854,"date":"2022-07-11T13:25:59","date_gmt":"2022-07-11T13:25:59","guid":{"rendered":"https:\/\/www.viskanspa.no\/?post_type=product&#038;p=6854"},"modified":"2026-03-17T07:47:24","modified_gmt":"2026-03-17T07:47:24","slug":"viskan-larko","status":"publish","type":"product","link":"https:\/\/www.viskanspa.no\/en\/spabad\/s-serien\/viskan-larko\/","title":{"rendered":"Viskan L\u00e4rk\u00f6"},"content":{"rendered":"<p><strong>ANTALL PLASSER<\/strong><\/p>\n<p><img decoding=\"async\" class=\"alignnone wp-image-6573\" src=\"https:\/\/www.viskanspa.no\/wp-content\/uploads\/2022\/04\/viskan_spa_antal_platser.png\" alt=\"\" width=\"24\" height=\"60\" srcset=\"https:\/\/www.viskanspa.no\/wp-content\/uploads\/2022\/04\/viskan_spa_antal_platser.png 40w, https:\/\/www.viskanspa.no\/wp-content\/uploads\/2022\/04\/viskan_spa_antal_platser-5x12.png 5w\" sizes=\"(max-width: 24px) 100vw, 24px\" \/><img decoding=\"async\" class=\"alignnone wp-image-6573\" src=\"https:\/\/www.viskanspa.no\/wp-content\/uploads\/2022\/04\/viskan_spa_antal_platser.png\" alt=\"\" width=\"24\" height=\"60\" srcset=\"https:\/\/www.viskanspa.no\/wp-content\/uploads\/2022\/04\/viskan_spa_antal_platser.png 40w, https:\/\/www.viskanspa.no\/wp-content\/uploads\/2022\/04\/viskan_spa_antal_platser-5x12.png 5w\" sizes=\"(max-width: 24px) 100vw, 24px\" \/><img decoding=\"async\" class=\"alignnone wp-image-6573\" src=\"https:\/\/www.viskanspa.no\/wp-content\/uploads\/2022\/04\/viskan_spa_antal_platser.png\" alt=\"\" width=\"24\" height=\"60\" srcset=\"https:\/\/www.viskanspa.no\/wp-content\/uploads\/2022\/04\/viskan_spa_antal_platser.png 40w, https:\/\/www.viskanspa.no\/wp-content\/uploads\/2022\/04\/viskan_spa_antal_platser-5x12.png 5w\" sizes=\"(max-width: 24px) 100vw, 24px\" \/><img decoding=\"async\" class=\"alignnone wp-image-6573\" src=\"https:\/\/www.viskanspa.no\/wp-content\/uploads\/2022\/04\/viskan_spa_antal_platser.png\" alt=\"\" width=\"24\" height=\"60\" srcset=\"https:\/\/www.viskanspa.no\/wp-content\/uploads\/2022\/04\/viskan_spa_antal_platser.png 40w, https:\/\/www.viskanspa.no\/wp-content\/uploads\/2022\/04\/viskan_spa_antal_platser-5x12.png 5w\" sizes=\"(max-width: 24px) 100vw, 24px\" \/><img decoding=\"async\" class=\"alignnone wp-image-6573\" src=\"https:\/\/www.viskanspa.no\/wp-content\/uploads\/2022\/04\/viskan_spa_antal_platser.png\" alt=\"\" width=\"24\" height=\"60\" srcset=\"https:\/\/www.viskanspa.no\/wp-content\/uploads\/2022\/04\/viskan_spa_antal_platser.png 40w, https:\/\/www.viskanspa.no\/wp-content\/uploads\/2022\/04\/viskan_spa_antal_platser-5x12.png 5w\" sizes=\"(max-width: 24px) 100vw, 24px\" \/><\/p>\n<p><strong>SETETYPER<\/strong><\/p>\n<p><img decoding=\"async\" class=\"alignnone wp-image-6574\" src=\"https:\/\/www.viskanspa.no\/wp-content\/uploads\/2022\/04\/viskan_spa_platstyp_sittande.png\" alt=\"\" width=\"46\" height=\"60\" srcset=\"https:\/\/www.viskanspa.no\/wp-content\/uploads\/2022\/04\/viskan_spa_platstyp_sittande.png 76w, https:\/\/www.viskanspa.no\/wp-content\/uploads\/2022\/04\/viskan_spa_platstyp_sittande-64x83.png 64w, https:\/\/www.viskanspa.no\/wp-content\/uploads\/2022\/04\/viskan_spa_platstyp_sittande-9x12.png 9w\" sizes=\"(max-width: 46px) 100vw, 46px\" \/> <img decoding=\"async\" class=\"alignnone wp-image-6575\" src=\"https:\/\/www.viskanspa.no\/wp-content\/uploads\/2022\/04\/viskan_spa_platstyp_liggande.png\" alt=\"\" width=\"90\" height=\"60\" srcset=\"https:\/\/www.viskanspa.no\/wp-content\/uploads\/2022\/04\/viskan_spa_platstyp_liggande.png 148w, https:\/\/www.viskanspa.no\/wp-content\/uploads\/2022\/04\/viskan_spa_platstyp_liggande-64x43.png 64w, https:\/\/www.viskanspa.no\/wp-content\/uploads\/2022\/04\/viskan_spa_platstyp_liggande-18x12.png 18w\" sizes=\"(max-width: 90px) 100vw, 90px\" \/><\/p>\n<p><strong>MASSASJEVARIANTER<\/strong><\/p>\n<div class=\"modells\">\n<div class=\"modell-col\">\n<div><img decoding=\"async\" src=\"\/wp-content\/uploads\/2022\/07\/viskan_spa_punktmassage.png\" alt=\"\" \/>Fixed, directional, single-point massage<\/div>\n<div><img decoding=\"async\" src=\"\/wp-content\/uploads\/2022\/07\/viskan_spa_knadande_massage.png\" alt=\"\" \/>Pummelling massage<\/div>\n<div><img decoding=\"async\" src=\"\/wp-content\/uploads\/2022\/04\/viskan_spa__wifi_ikon.png\" alt=\"\" \/>Styr spabadet via WiFi med en app fra din mobile enhet. Finnes som tilvalg p\u00e5 dette badet.<\/div>\n<\/div>\n<\/div>","protected":false},"excerpt":{"rendered":"<h4>Et bad \u00e5 trives i<\/h4>\n<p>I et Viskan L\u00e4rk\u00f6 f\u00e5r du et bad med justerbare massasjedyser for behagelig og helsebringende vannmassasje. Du f\u00e5r belysning i fast eller skiftende lys og et vannrensesystem med bla.a. antibakterielle slanger og UV-C rensing for enklere vedlikehold. Enkelt og greit du f\u00e5r et bad \u00e5 trives i. L\u00e4rk\u00f6 er badet for deg som \u00f8nsker en komfortabel badedybde, liggeplass og god vannmassasje, uten \u00e5 g\u00e5 p\u00e5 kompromiss med kvaliteten. L\u00e4rk\u00f6 er et bad som vil gi deg mange herlige badeopplevelser, enten du bader alene eller sammen med dine n\u00e6rmeste.<\/p>\n<p><strong>Veil.pris: 149.900,-\u00a0<\/strong><\/p>\n<p><a class=\"btn\" href=\"\/en\/valja-spabad\/\">Sjekk ut v\u00e5r guide for hvordan du velger panel, skallfarge og lokk her \u00bb<\/a><\/p>","protected":false},"featured_media":6855,"template":"","meta":{"_acf_changed":false,"om_disable_all_campaigns":false,"_monsterinsights_skip_tracking":false,"_monsterinsights_sitenote_active":false,"_monsterinsights_sitenote_note":"","_monsterinsights_sitenote_category":0},"product_brand":[],"product_cat":[55],"product_tag":[],"class_list":{"0":"post-6854","1":"product","2":"type-product","3":"status-publish","4":"has-post-thumbnail","6":"product_cat-s-serien","8":"first","9":"instock","10":"taxable","11":"shipping-taxable","12":"product-type-simple"},"acf":[],"aioseo_notices":[],"_links":{"self":[{"href":"https:\/\/www.viskanspa.no\/en\/wp-json\/wp\/v2\/product\/6854","targetHints":{"allow":["GET"]}}],"collection":[{"href":"https:\/\/www.viskanspa.no\/en\/wp-json\/wp\/v2\/product"}],"about":[{"href":"https:\/\/www.viskanspa.no\/en\/wp-json\/wp\/v2\/types\/product"}],"wp:featuredmedia":[{"embeddable":true,"href":"https:\/\/www.viskanspa.no\/en\/wp-json\/wp\/v2\/media\/6855"}],"wp:attachment":[{"href":"https:\/\/www.viskanspa.no\/en\/wp-json\/wp\/v2\/media?parent=6854"}],"wp:term":[{"taxonomy":"product_brand","embeddable":true,"href":"https:\/\/www.viskanspa.no\/en\/wp-json\/wp\/v2\/product_brand?post=6854"},{"taxonomy":"product_cat","embeddable":true,"href":"https:\/\/www.viskanspa.no\/en\/wp-json\/wp\/v2\/product_cat?post=6854"},{"taxonomy":"product_tag","embeddable":true,"href":"https:\/\/www.viskanspa.no\/en\/wp-json\/wp\/v2\/product_tag?post=6854"}],"curies":[{"name":"wp","href":"https:\/\/api.w.org\/{rel}","templated":true}]}}