{"id":6803,"date":"2022-07-11T10:56:40","date_gmt":"2022-07-11T10:56:40","guid":{"rendered":"https:\/\/www.viskanspa.no\/?post_type=product&#038;p=6803"},"modified":"2026-03-17T07:50:17","modified_gmt":"2026-03-17T07:50:17","slug":"celebrate","status":"publish","type":"product","link":"https:\/\/www.viskanspa.no\/en\/spabad\/white-edition\/celebrate\/","title":{"rendered":"Viskan Celebrate"},"content":{"rendered":"<p><strong>ANTALL PLASSER<\/strong><\/p>\n<p><img decoding=\"async\" class=\"alignnone wp-image-6573\" src=\"https:\/\/www.viskanspa.no\/wp-content\/uploads\/2022\/04\/viskan_spa_antal_platser.png\" alt=\"\" width=\"23\" height=\"56\" srcset=\"https:\/\/www.viskanspa.no\/wp-content\/uploads\/2022\/04\/viskan_spa_antal_platser.png 40w, https:\/\/www.viskanspa.no\/wp-content\/uploads\/2022\/04\/viskan_spa_antal_platser-5x12.png 5w\" sizes=\"(max-width: 23px) 100vw, 23px\" \/><img decoding=\"async\" class=\"alignnone wp-image-6573\" src=\"https:\/\/www.viskanspa.no\/wp-content\/uploads\/2022\/04\/viskan_spa_antal_platser.png\" alt=\"\" width=\"23\" height=\"56\" srcset=\"https:\/\/www.viskanspa.no\/wp-content\/uploads\/2022\/04\/viskan_spa_antal_platser.png 40w, https:\/\/www.viskanspa.no\/wp-content\/uploads\/2022\/04\/viskan_spa_antal_platser-5x12.png 5w\" sizes=\"(max-width: 23px) 100vw, 23px\" \/><img decoding=\"async\" class=\"alignnone wp-image-6573\" src=\"https:\/\/www.viskanspa.no\/wp-content\/uploads\/2022\/04\/viskan_spa_antal_platser.png\" alt=\"\" width=\"23\" height=\"56\" srcset=\"https:\/\/www.viskanspa.no\/wp-content\/uploads\/2022\/04\/viskan_spa_antal_platser.png 40w, https:\/\/www.viskanspa.no\/wp-content\/uploads\/2022\/04\/viskan_spa_antal_platser-5x12.png 5w\" sizes=\"(max-width: 23px) 100vw, 23px\" \/><img decoding=\"async\" class=\"alignnone wp-image-6573\" src=\"https:\/\/www.viskanspa.no\/wp-content\/uploads\/2022\/04\/viskan_spa_antal_platser.png\" alt=\"\" width=\"23\" height=\"56\" srcset=\"https:\/\/www.viskanspa.no\/wp-content\/uploads\/2022\/04\/viskan_spa_antal_platser.png 40w, https:\/\/www.viskanspa.no\/wp-content\/uploads\/2022\/04\/viskan_spa_antal_platser-5x12.png 5w\" sizes=\"(max-width: 23px) 100vw, 23px\" \/><img decoding=\"async\" class=\"alignnone wp-image-6573\" src=\"https:\/\/www.viskanspa.no\/wp-content\/uploads\/2022\/04\/viskan_spa_antal_platser.png\" alt=\"\" width=\"23\" height=\"56\" srcset=\"https:\/\/www.viskanspa.no\/wp-content\/uploads\/2022\/04\/viskan_spa_antal_platser.png 40w, https:\/\/www.viskanspa.no\/wp-content\/uploads\/2022\/04\/viskan_spa_antal_platser-5x12.png 5w\" sizes=\"(max-width: 23px) 100vw, 23px\" \/><\/p>\n<p><strong>SETETYPER<\/strong><\/p>\n<p><img decoding=\"async\" class=\"alignnone wp-image-6574\" src=\"https:\/\/www.viskanspa.no\/wp-content\/uploads\/2022\/04\/viskan_spa_platstyp_sittande.png\" alt=\"\" width=\"46\" height=\"60\" srcset=\"https:\/\/www.viskanspa.no\/wp-content\/uploads\/2022\/04\/viskan_spa_platstyp_sittande.png 76w, https:\/\/www.viskanspa.no\/wp-content\/uploads\/2022\/04\/viskan_spa_platstyp_sittande-64x83.png 64w, https:\/\/www.viskanspa.no\/wp-content\/uploads\/2022\/04\/viskan_spa_platstyp_sittande-9x12.png 9w\" sizes=\"(max-width: 46px) 100vw, 46px\" \/> <img decoding=\"async\" class=\"alignnone wp-image-6575\" src=\"https:\/\/www.viskanspa.no\/wp-content\/uploads\/2022\/04\/viskan_spa_platstyp_liggande.png\" alt=\"\" width=\"90\" height=\"60\" srcset=\"https:\/\/www.viskanspa.no\/wp-content\/uploads\/2022\/04\/viskan_spa_platstyp_liggande.png 148w, https:\/\/www.viskanspa.no\/wp-content\/uploads\/2022\/04\/viskan_spa_platstyp_liggande-64x43.png 64w, https:\/\/www.viskanspa.no\/wp-content\/uploads\/2022\/04\/viskan_spa_platstyp_liggande-18x12.png 18w\" sizes=\"(max-width: 90px) 100vw, 90px\" \/><\/p>\n<p><strong>MASSASJEVARIANTER<\/strong><\/p>\n<div class=\"modells\">\n<div class=\"modell-col\">\n<div><img decoding=\"async\" src=\"\/wp-content\/uploads\/2022\/07\/viskan_spa_punktmassage.png\" alt=\"\" \/>Fixed, directional, single-point massage<\/div>\n<div><img decoding=\"async\" src=\"\/wp-content\/uploads\/2022\/07\/viskan_spa_knadande_massage.png\" alt=\"\" \/>Pummelling massage<\/div>\n<div><img decoding=\"async\" src=\"\/wp-content\/uploads\/2022\/07\/viskan_spa_pulserande_massage.png\" alt=\"\" \/>Pulsating massage<\/div>\n<div><img loading=\"lazy\" decoding=\"async\" class=\"\" src=\"\/wp-content\/uploads\/2022\/04\/viskan_spa__wifi_ikon.png\" alt=\"\" width=\"100\" height=\"99\" \/>Styr spabadet via WiFi med en app fra din mobile enhet. Finnes som tilvalg p\u00e5 dette bad.<\/div>\n<div><strong>SKALLFARGER<br \/>\n<img loading=\"lazy\" decoding=\"async\" class=\"alignnone wp-image-13735\" src=\"https:\/\/www.viskanspa.se\/wp-content\/uploads\/2022\/04\/Skalfarg_vit-300x237.jpg\" alt=\"\" width=\"80\" height=\"63\" srcset=\"https:\/\/www.viskanspa.no\/wp-content\/uploads\/2022\/04\/Skalfarg_vit-300x237.jpg 300w, https:\/\/www.viskanspa.no\/wp-content\/uploads\/2022\/04\/Skalfarg_vit-297x235.jpg 297w, https:\/\/www.viskanspa.no\/wp-content\/uploads\/2022\/04\/Skalfarg_vit-64x51.jpg 64w, https:\/\/www.viskanspa.no\/wp-content\/uploads\/2022\/04\/Skalfarg_vit-15x12.jpg 15w, https:\/\/www.viskanspa.no\/wp-content\/uploads\/2022\/04\/Skalfarg_vit.jpg 307w\" sizes=\"(max-width: 80px) 100vw, 80px\" \/><img loading=\"lazy\" decoding=\"async\" class=\"alignnone wp-image-13742\" src=\"https:\/\/www.viskanspa.se\/wp-content\/uploads\/2022\/04\/Sterling-skal.png\" alt=\"\" width=\"69\" height=\"69\" srcset=\"https:\/\/www.viskanspa.no\/wp-content\/uploads\/2022\/04\/Sterling-skal.png 113w, https:\/\/www.viskanspa.no\/wp-content\/uploads\/2022\/04\/Sterling-skal-100x100.png 100w, https:\/\/www.viskanspa.no\/wp-content\/uploads\/2022\/04\/Sterling-skal-64x64.png 64w, https:\/\/www.viskanspa.no\/wp-content\/uploads\/2022\/04\/Sterling-skal-12x12.png 12w\" sizes=\"(max-width: 69px) 100vw, 69px\" \/><img loading=\"lazy\" decoding=\"async\" class=\"alignnone wp-image-13748\" src=\"https:\/\/www.viskanspa.se\/wp-content\/uploads\/2022\/04\/Mystic-skal.png\" alt=\"\" width=\"70\" height=\"70\" srcset=\"https:\/\/www.viskanspa.no\/wp-content\/uploads\/2022\/04\/Mystic-skal.png 115w, https:\/\/www.viskanspa.no\/wp-content\/uploads\/2022\/04\/Mystic-skal-100x100.png 100w, https:\/\/www.viskanspa.no\/wp-content\/uploads\/2022\/04\/Mystic-skal-64x64.png 64w, https:\/\/www.viskanspa.no\/wp-content\/uploads\/2022\/04\/Mystic-skal-12x12.png 12w\" sizes=\"(max-width: 70px) 100vw, 70px\" \/><img loading=\"lazy\" decoding=\"async\" class=\"alignnone wp-image-13749\" src=\"https:\/\/www.viskanspa.se\/wp-content\/uploads\/2022\/04\/Midnight-skal.png\" alt=\"\" width=\"69\" height=\"70\" srcset=\"https:\/\/www.viskanspa.no\/wp-content\/uploads\/2022\/04\/Midnight-skal.png 114w, https:\/\/www.viskanspa.no\/wp-content\/uploads\/2022\/04\/Midnight-skal-100x100.png 100w, https:\/\/www.viskanspa.no\/wp-content\/uploads\/2022\/04\/Midnight-skal-64x65.png 64w, https:\/\/www.viskanspa.no\/wp-content\/uploads\/2022\/04\/Midnight-skal-12x12.png 12w\" sizes=\"(max-width: 69px) 100vw, 69px\" \/><br \/>\n<\/strong><\/div>\n<\/div>\n<\/div>\n<div>White\u00a0 \u00a0 \u00a0 \u00a0 \u00a0 Sterling\u00a0 \u00a0 \u00a0 \u00a0 Mystic\u00a0 \u00a0 \u00a0 \u00a0 \u00a0Midnight<\/div>\n<div><b>PANELALTERNATIVER<br \/>\n<img loading=\"lazy\" decoding=\"async\" class=\"alignnone wp-image-13733\" src=\"https:\/\/www.viskanspa.se\/wp-content\/uploads\/2022\/04\/gra-Ljus-alumi-300x230.jpg\" alt=\"\" width=\"106\" height=\"81\" srcset=\"https:\/\/www.viskanspa.no\/wp-content\/uploads\/2022\/04\/gra-Ljus-alumi-300x230.jpg 300w, https:\/\/www.viskanspa.no\/wp-content\/uploads\/2022\/04\/gra-Ljus-alumi-scaled-297x228.jpg 297w, https:\/\/www.viskanspa.no\/wp-content\/uploads\/2022\/04\/gra-Ljus-alumi-scaled-505x388.jpg 505w, https:\/\/www.viskanspa.no\/wp-content\/uploads\/2022\/04\/gra-Ljus-alumi-scaled-64x49.jpg 64w, https:\/\/www.viskanspa.no\/wp-content\/uploads\/2022\/04\/gra-Ljus-alumi-1024x786.jpg 1024w, https:\/\/www.viskanspa.no\/wp-content\/uploads\/2022\/04\/gra-Ljus-alumi-768x590.jpg 768w, https:\/\/www.viskanspa.no\/wp-content\/uploads\/2022\/04\/gra-Ljus-alumi-1536x1179.jpg 1536w, https:\/\/www.viskanspa.no\/wp-content\/uploads\/2022\/04\/gra-Ljus-alumi-2048x1572.jpg 2048w, https:\/\/www.viskanspa.no\/wp-content\/uploads\/2022\/04\/gra-Ljus-alumi-16x12.jpg 16w\" sizes=\"(max-width: 106px) 100vw, 106px\" \/>\u00a0 \u00a0 <img loading=\"lazy\" decoding=\"async\" class=\"alignnone wp-image-13734\" src=\"https:\/\/www.viskanspa.se\/wp-content\/uploads\/2022\/04\/black-300x218.jpg\" alt=\"\" width=\"112\" height=\"82\" srcset=\"https:\/\/www.viskanspa.no\/wp-content\/uploads\/2022\/04\/black-300x218.jpg 300w, https:\/\/www.viskanspa.no\/wp-content\/uploads\/2022\/04\/black-scaled-297x216.jpg 297w, https:\/\/www.viskanspa.no\/wp-content\/uploads\/2022\/04\/black-scaled-505x367.jpg 505w, https:\/\/www.viskanspa.no\/wp-content\/uploads\/2022\/04\/black-scaled-64x46.jpg 64w, https:\/\/www.viskanspa.no\/wp-content\/uploads\/2022\/04\/black-1024x743.jpg 1024w, https:\/\/www.viskanspa.no\/wp-content\/uploads\/2022\/04\/black-768x557.jpg 768w, https:\/\/www.viskanspa.no\/wp-content\/uploads\/2022\/04\/black-1536x1115.jpg 1536w, https:\/\/www.viskanspa.no\/wp-content\/uploads\/2022\/04\/black-2048x1486.jpg 2048w, https:\/\/www.viskanspa.no\/wp-content\/uploads\/2022\/04\/black-18x12.jpg 18w\" sizes=\"(max-width: 112px) 100vw, 112px\" \/><br \/>\n<\/b><\/div>\n<div>Alumi lys tre\u00a0 \u00a0 \u00a0 \u00a0 Alumi svart<\/div>","protected":false},"excerpt":{"rendered":"<h4>To liggeseter, ett for deg og ett for din kj\u00e6re.<\/h4>\n<p>Viskan Norwegian Celebrate har doble liggeseter og m\u00e5ler 230\u00d7230 cm. og har en veldig god badedybde med sv\u00e6rt god komfort.<\/p>\n<p>Norwegian gir mer !<\/p>\n<p>\u2022 Touchpanel III<\/p>\n<p>\u2022 Lydsystem<\/p>\n<p>\u2022 3,8kW Titaniumvamer<\/p>\n<p>\u2022 Dual Speed pumpe<\/p>\n<p>\u2022 Svart eller lys tre alumipanel med innebygd LED belysning<\/p>\n<p>\u2022 Weather Shield lokk i svart<\/p>\n<p><strong>Veil.pris: 199 900 kr<\/strong><\/p>\n<p><span style=\"color: #ff6600;\"><a class=\"btn\" style=\"color: #ff6600;\" href=\"\/en\/valja-spabad\/\">Sjekk ut v\u00e5r guide for hvordan du velger panel, skallfarge og lokk her \u00bb<\/a><\/span><\/p>","protected":false},"featured_media":6804,"template":"","meta":{"_acf_changed":false,"om_disable_all_campaigns":false,"_monsterinsights_skip_tracking":false,"_monsterinsights_sitenote_active":false,"_monsterinsights_sitenote_note":"","_monsterinsights_sitenote_category":0},"product_brand":[],"product_cat":[57],"product_tag":[],"class_list":{"0":"post-6803","1":"product","2":"type-product","3":"status-publish","4":"has-post-thumbnail","6":"product_cat-white-edition","8":"first","9":"instock","10":"taxable","11":"shipping-taxable","12":"product-type-simple"},"acf":[],"aioseo_notices":[],"_links":{"self":[{"href":"https:\/\/www.viskanspa.no\/en\/wp-json\/wp\/v2\/product\/6803","targetHints":{"allow":["GET"]}}],"collection":[{"href":"https:\/\/www.viskanspa.no\/en\/wp-json\/wp\/v2\/product"}],"about":[{"href":"https:\/\/www.viskanspa.no\/en\/wp-json\/wp\/v2\/types\/product"}],"wp:featuredmedia":[{"embeddable":true,"href":"https:\/\/www.viskanspa.no\/en\/wp-json\/wp\/v2\/media\/6804"}],"wp:attachment":[{"href":"https:\/\/www.viskanspa.no\/en\/wp-json\/wp\/v2\/media?parent=6803"}],"wp:term":[{"taxonomy":"product_brand","embeddable":true,"href":"https:\/\/www.viskanspa.no\/en\/wp-json\/wp\/v2\/product_brand?post=6803"},{"taxonomy":"product_cat","embeddable":true,"href":"https:\/\/www.viskanspa.no\/en\/wp-json\/wp\/v2\/product_cat?post=6803"},{"taxonomy":"product_tag","embeddable":true,"href":"https:\/\/www.viskanspa.no\/en\/wp-json\/wp\/v2\/product_tag?post=6803"}],"curies":[{"name":"wp","href":"https:\/\/api.w.org\/{rel}","templated":true}]}}