{"id":589,"date":"2022-04-06T07:36:03","date_gmt":"2022-04-06T07:36:03","guid":{"rendered":"http:\/\/viskanspa-se.flywheelstaging.com\/?post_type=product&#038;p=589"},"modified":"2025-06-20T06:43:13","modified_gmt":"2025-06-20T06:43:13","slug":"harmoni","status":"publish","type":"product","link":"https:\/\/www.viskanspa.no\/en\/spabad\/bad\/harmoni\/","title":{"rendered":"Harmoni"},"content":{"rendered":"<p><strong>ANTALL PLASSER<\/strong><\/p>\n<p><img decoding=\"async\" class=\"alignnone wp-image-6573\" src=\"https:\/\/www.viskanspa.no\/wp-content\/uploads\/2022\/04\/viskan_spa_antal_platser.png\" alt=\"\" width=\"23\" height=\"56\" srcset=\"https:\/\/www.viskanspa.no\/wp-content\/uploads\/2022\/04\/viskan_spa_antal_platser.png 40w, https:\/\/www.viskanspa.no\/wp-content\/uploads\/2022\/04\/viskan_spa_antal_platser-5x12.png 5w\" sizes=\"(max-width: 23px) 100vw, 23px\" \/><img decoding=\"async\" class=\"alignnone wp-image-6573\" src=\"https:\/\/www.viskanspa.no\/wp-content\/uploads\/2022\/04\/viskan_spa_antal_platser.png\" alt=\"\" width=\"23\" height=\"56\" srcset=\"https:\/\/www.viskanspa.no\/wp-content\/uploads\/2022\/04\/viskan_spa_antal_platser.png 40w, https:\/\/www.viskanspa.no\/wp-content\/uploads\/2022\/04\/viskan_spa_antal_platser-5x12.png 5w\" sizes=\"(max-width: 23px) 100vw, 23px\" \/><img decoding=\"async\" class=\"alignnone wp-image-6573\" src=\"https:\/\/www.viskanspa.no\/wp-content\/uploads\/2022\/04\/viskan_spa_antal_platser.png\" alt=\"\" width=\"23\" height=\"56\" srcset=\"https:\/\/www.viskanspa.no\/wp-content\/uploads\/2022\/04\/viskan_spa_antal_platser.png 40w, https:\/\/www.viskanspa.no\/wp-content\/uploads\/2022\/04\/viskan_spa_antal_platser-5x12.png 5w\" sizes=\"(max-width: 23px) 100vw, 23px\" \/><img decoding=\"async\" class=\"alignnone wp-image-6573\" src=\"https:\/\/www.viskanspa.no\/wp-content\/uploads\/2022\/04\/viskan_spa_antal_platser.png\" alt=\"\" width=\"23\" height=\"56\" srcset=\"https:\/\/www.viskanspa.no\/wp-content\/uploads\/2022\/04\/viskan_spa_antal_platser.png 40w, https:\/\/www.viskanspa.no\/wp-content\/uploads\/2022\/04\/viskan_spa_antal_platser-5x12.png 5w\" sizes=\"(max-width: 23px) 100vw, 23px\" \/><img decoding=\"async\" class=\"alignnone wp-image-6573\" src=\"https:\/\/www.viskanspa.no\/wp-content\/uploads\/2022\/04\/viskan_spa_antal_platser.png\" alt=\"\" width=\"23\" height=\"56\" srcset=\"https:\/\/www.viskanspa.no\/wp-content\/uploads\/2022\/04\/viskan_spa_antal_platser.png 40w, https:\/\/www.viskanspa.no\/wp-content\/uploads\/2022\/04\/viskan_spa_antal_platser-5x12.png 5w\" sizes=\"(max-width: 23px) 100vw, 23px\" \/><\/p>\n<p><strong>SETETYPER<\/strong><\/p>\n<p><img decoding=\"async\" class=\"alignnone wp-image-6574\" src=\"https:\/\/www.viskanspa.no\/wp-content\/uploads\/2022\/04\/viskan_spa_platstyp_sittande.png\" alt=\"\" width=\"46\" height=\"60\" srcset=\"https:\/\/www.viskanspa.no\/wp-content\/uploads\/2022\/04\/viskan_spa_platstyp_sittande.png 76w, https:\/\/www.viskanspa.no\/wp-content\/uploads\/2022\/04\/viskan_spa_platstyp_sittande-64x83.png 64w, https:\/\/www.viskanspa.no\/wp-content\/uploads\/2022\/04\/viskan_spa_platstyp_sittande-9x12.png 9w\" sizes=\"(max-width: 46px) 100vw, 46px\" \/><\/p>\n<p><strong>SKALLFARGE<br \/>\n<img decoding=\"async\" class=\"alignnone wp-image-13742\" src=\"https:\/\/www.viskanspa.no\/wp-content\/uploads\/2022\/04\/Sterling-skal.png\" alt=\"\" width=\"97\" height=\"97\" srcset=\"https:\/\/www.viskanspa.no\/wp-content\/uploads\/2022\/04\/Sterling-skal.png 113w, https:\/\/www.viskanspa.no\/wp-content\/uploads\/2022\/04\/Sterling-skal-100x100.png 100w, https:\/\/www.viskanspa.no\/wp-content\/uploads\/2022\/04\/Sterling-skal-64x64.png 64w, https:\/\/www.viskanspa.no\/wp-content\/uploads\/2022\/04\/Sterling-skal-12x12.png 12w\" sizes=\"(max-width: 97px) 100vw, 97px\" \/><br \/>\n<\/strong><em>Sterling<\/em><\/p>\n<p><strong><br \/>\nPANEL OPTIONS<\/strong><\/p>\n<p><img loading=\"lazy\" decoding=\"async\" class=\"alignnone wp-image-13706\" src=\"https:\/\/www.viskanspa.no\/wp-content\/uploads\/2022\/04\/brun-panel-horn-rund-300x200.png\" alt=\"\" width=\"140\" height=\"93\" srcset=\"https:\/\/www.viskanspa.no\/wp-content\/uploads\/2022\/04\/brun-panel-horn-rund-300x200.png 300w, https:\/\/www.viskanspa.no\/wp-content\/uploads\/2022\/04\/brun-panel-horn-rund-297x198.png 297w, https:\/\/www.viskanspa.no\/wp-content\/uploads\/2022\/04\/brun-panel-horn-rund-505x337.png 505w, https:\/\/www.viskanspa.no\/wp-content\/uploads\/2022\/04\/brun-panel-horn-rund-64x43.png 64w, https:\/\/www.viskanspa.no\/wp-content\/uploads\/2022\/04\/brun-panel-horn-rund-1024x683.png 1024w, https:\/\/www.viskanspa.no\/wp-content\/uploads\/2022\/04\/brun-panel-horn-rund-768x512.png 768w, https:\/\/www.viskanspa.no\/wp-content\/uploads\/2022\/04\/brun-panel-horn-rund-18x12.png 18w, https:\/\/www.viskanspa.no\/wp-content\/uploads\/2022\/04\/brun-panel-horn-rund.png 1080w\" sizes=\"(max-width: 140px) 100vw, 140px\" \/> <img loading=\"lazy\" decoding=\"async\" class=\"alignnone wp-image-13707\" src=\"https:\/\/www.viskanspa.no\/wp-content\/uploads\/2022\/04\/svart-panel-horn-rund-300x200.png\" alt=\"\" width=\"140\" height=\"93\" srcset=\"https:\/\/www.viskanspa.no\/wp-content\/uploads\/2022\/04\/svart-panel-horn-rund-300x200.png 300w, https:\/\/www.viskanspa.no\/wp-content\/uploads\/2022\/04\/svart-panel-horn-rund-297x198.png 297w, https:\/\/www.viskanspa.no\/wp-content\/uploads\/2022\/04\/svart-panel-horn-rund-505x337.png 505w, https:\/\/www.viskanspa.no\/wp-content\/uploads\/2022\/04\/svart-panel-horn-rund-64x43.png 64w, https:\/\/www.viskanspa.no\/wp-content\/uploads\/2022\/04\/svart-panel-horn-rund-1024x683.png 1024w, https:\/\/www.viskanspa.no\/wp-content\/uploads\/2022\/04\/svart-panel-horn-rund-768x512.png 768w, https:\/\/www.viskanspa.no\/wp-content\/uploads\/2022\/04\/svart-panel-horn-rund-18x12.png 18w, https:\/\/www.viskanspa.no\/wp-content\/uploads\/2022\/04\/svart-panel-horn-rund.png 1080w\" sizes=\"(max-width: 140px) 100vw, 140px\" \/><br \/>\n<em>Sand st\u00e5. panel\u00a0 \u00a0 \u00a0Svart st\u00e5. panel<\/em><\/p>","protected":false},"excerpt":{"rendered":"<h4>Endelig en t\u00f8nne med fordelene til et spabad!<\/h4>\n<p>Kanskje du tidligere har badet i en vedfyrt t\u00f8nne eller eid en selv? Med v\u00e5r spat\u00f8nne slipper du planleggingen med \u00e5 fylle vann og fyre opp for varmtvann f\u00f8r hvert bad, den er alltid klar for et varmt og avslappende spontanbad. Enne spat\u00f8nna trenger heller ikke t\u00f8mmes etter hver gang du har badet. Vannbytte gj\u00f8r du kun 3\u20134 ganger i \u00e5ret.<\/p>\n<p>Harmoni skal, som v\u00e5re andre spabad, alltid v\u00e6re fylt med vann. Med andre ord er det bare \u00e5 l\u00f8fte av lokket og senke seg ned i det oppvarmede vannet. Undervannsbelysning og aromaterapi gj\u00f8r kveldsbadet ekstra koselig og gir deg spaf\u00f8lelsen. Spabadet leveres, som alle v\u00e5re bad, med et tykt isolerende lokk, 3 kW varmeelement og sirkulasjonspumpe og filter som renser vannet.<\/p>\n<p><strong>Veil.pris: 109 900 kr<\/strong><\/p>","protected":false},"featured_media":590,"template":"","meta":{"_acf_changed":false,"om_disable_all_campaigns":false,"_monsterinsights_skip_tracking":false,"_monsterinsights_sitenote_active":false,"_monsterinsights_sitenote_note":"","_monsterinsights_sitenote_category":0},"product_brand":[],"product_cat":[54],"product_tag":[],"class_list":{"0":"post-589","1":"product","2":"type-product","3":"status-publish","4":"has-post-thumbnail","6":"product_cat-bad","8":"first","9":"instock","10":"taxable","11":"shipping-taxable","12":"product-type-simple"},"acf":[],"aioseo_notices":[],"_links":{"self":[{"href":"https:\/\/www.viskanspa.no\/en\/wp-json\/wp\/v2\/product\/589","targetHints":{"allow":["GET"]}}],"collection":[{"href":"https:\/\/www.viskanspa.no\/en\/wp-json\/wp\/v2\/product"}],"about":[{"href":"https:\/\/www.viskanspa.no\/en\/wp-json\/wp\/v2\/types\/product"}],"wp:featuredmedia":[{"embeddable":true,"href":"https:\/\/www.viskanspa.no\/en\/wp-json\/wp\/v2\/media\/590"}],"wp:attachment":[{"href":"https:\/\/www.viskanspa.no\/en\/wp-json\/wp\/v2\/media?parent=589"}],"wp:term":[{"taxonomy":"product_brand","embeddable":true,"href":"https:\/\/www.viskanspa.no\/en\/wp-json\/wp\/v2\/product_brand?post=589"},{"taxonomy":"product_cat","embeddable":true,"href":"https:\/\/www.viskanspa.no\/en\/wp-json\/wp\/v2\/product_cat?post=589"},{"taxonomy":"product_tag","embeddable":true,"href":"https:\/\/www.viskanspa.no\/en\/wp-json\/wp\/v2\/product_tag?post=589"}],"curies":[{"name":"wp","href":"https:\/\/api.w.org\/{rel}","templated":true}]}}