{"id":16399,"date":"2025-06-22T18:27:43","date_gmt":"2025-06-22T18:27:43","guid":{"rendered":"https:\/\/www.viskanspa.no\/?post_type=product&#038;p=16399"},"modified":"2025-06-22T18:32:20","modified_gmt":"2025-06-22T18:32:20","slug":"delphin-spa-oxi-booster","status":"publish","type":"product","link":"https:\/\/www.viskanspa.no\/en\/spabad\/vattenvard\/klor\/delphin-spa-oxi-booster\/","title":{"rendered":"DELPHIN SPA Oxi Booster"},"content":{"rendered":"","protected":false},"excerpt":{"rendered":"<pre id=\"tw-target-text\" class=\"tw-data-text tw-text-large tw-ta\" dir=\"ltr\" data-placeholder=\"Oversettelse\" data-ved=\"2ahUKEwjN6eSyuoWOAxXmFBAIHeLyOrIQ3ewLegQICRAW\" aria-label=\"Oversatt tekst: Spa Oxi Booster er en sv\u00e6rt effektiv kombinasjon av aktivt oksygen og klor. Den virker sv\u00e6rt raskt og klargj\u00f8r grumset vann effektivt og p\u00e5 kort tid. Spa Oxi Booster brukes hovedsakelig til sjokkbehandling etter for eksempel h\u00f8y badebelastning eller ved oppstart, men kan ogs\u00e5 brukes som langtidsklorering.\"><span class=\"Y2IQFc\" lang=\"no\">DELPHIN SPA Oxi Booster er en sv\u00e6rt effektiv kombinasjon av aktivt oksygen og klor. Den virker sv\u00e6rt raskt og klargj\u00f8r grumset vann effektivt og p\u00e5 kort tid. Spa Oxi Booster brukes hovedsakelig til sjokkbehandling etter for eksempel h\u00f8y badebelastning eller ved oppstart, men kan ogs\u00e5 brukes som langtidsklorering.<\/span><\/pre>\n<p>&nbsp;<\/p>","protected":false},"featured_media":16402,"template":"","meta":{"_acf_changed":false,"om_disable_all_campaigns":false,"_monsterinsights_skip_tracking":false,"_monsterinsights_sitenote_active":false,"_monsterinsights_sitenote_note":"","_monsterinsights_sitenote_category":0},"product_brand":[],"product_cat":[61,103],"product_tag":[],"class_list":{"0":"post-16399","1":"product","2":"type-product","3":"status-publish","4":"has-post-thumbnail","6":"product_cat-vattenvard","7":"product_cat-klor","9":"first","10":"instock","11":"taxable","12":"shipping-taxable","13":"purchasable","14":"product-type-simple"},"acf":[],"aioseo_notices":[],"_links":{"self":[{"href":"https:\/\/www.viskanspa.no\/en\/wp-json\/wp\/v2\/product\/16399","targetHints":{"allow":["GET"]}}],"collection":[{"href":"https:\/\/www.viskanspa.no\/en\/wp-json\/wp\/v2\/product"}],"about":[{"href":"https:\/\/www.viskanspa.no\/en\/wp-json\/wp\/v2\/types\/product"}],"wp:featuredmedia":[{"embeddable":true,"href":"https:\/\/www.viskanspa.no\/en\/wp-json\/wp\/v2\/media\/16402"}],"wp:attachment":[{"href":"https:\/\/www.viskanspa.no\/en\/wp-json\/wp\/v2\/media?parent=16399"}],"wp:term":[{"taxonomy":"product_brand","embeddable":true,"href":"https:\/\/www.viskanspa.no\/en\/wp-json\/wp\/v2\/product_brand?post=16399"},{"taxonomy":"product_cat","embeddable":true,"href":"https:\/\/www.viskanspa.no\/en\/wp-json\/wp\/v2\/product_cat?post=16399"},{"taxonomy":"product_tag","embeddable":true,"href":"https:\/\/www.viskanspa.no\/en\/wp-json\/wp\/v2\/product_tag?post=16399"}],"curies":[{"name":"wp","href":"https:\/\/api.w.org\/{rel}","templated":true}]}}