{"id":16397,"date":"2025-06-22T18:25:08","date_gmt":"2025-06-22T18:25:08","guid":{"rendered":"https:\/\/www.viskanspa.no\/?post_type=product&#038;p=16397"},"modified":"2025-06-22T18:27:16","modified_gmt":"2025-06-22T18:27:16","slug":"delphin-spa-alkalinity-up","status":"publish","type":"product","link":"https:\/\/www.viskanspa.no\/en\/spabad\/vattenvard\/delphin-spa-alkalinity-up\/","title":{"rendered":"DELPHIN SPA Alkalinity Up"},"content":{"rendered":"","protected":false},"excerpt":{"rendered":"<pre id=\"tw-target-text\" class=\"tw-data-text tw-text-large tw-ta\" dir=\"ltr\" data-placeholder=\"Oversettelse\" data-ved=\"2ahUKEwjN6eSyuoWOAxXmFBAIHeLyOrIQ3ewLegQICRAW\" aria-label=\"Oversatt tekst: DELPHIN SPA Alkalinity Up \u00f8ker alkalinitetsverdien og stabiliserer pH-verdien. Alkaliniteten hjelper deg med \u00e5 holde pH-verdien stabil i spavannet. Sterke svingninger i pH-verdien skyldes vanligvis et lavt alkalinitetsniv\u00e5. Hvis du trenger \u00e5 redusere alkalinitetsverdien, b\u00f8r du bruke DELPHIN SPA pH minus.\"><span class=\"Y2IQFc\" lang=\"no\">DELPHIN SPA Alkalinity Up \u00f8ker alkalinitetsverdien og stabiliserer pH-verdien. Alkaliniteten hjelper deg med \u00e5 holde pH-verdien stabil i spavannet. Sterke svingninger i pH-verdien skyldes vanligvis et lavt alkalinitetsniv\u00e5. Hvis du trenger \u00e5 redusere alkalinitetsverdien, b\u00f8r du bruke DELPHIN SPA pH minus.<\/span><\/pre>\n<p>&nbsp;<\/p>","protected":false},"featured_media":16398,"template":"","meta":{"_acf_changed":false,"om_disable_all_campaigns":false,"_monsterinsights_skip_tracking":false,"_monsterinsights_sitenote_active":false,"_monsterinsights_sitenote_note":"","_monsterinsights_sitenote_category":0},"product_brand":[],"product_cat":[61],"product_tag":[],"class_list":{"0":"post-16397","1":"product","2":"type-product","3":"status-publish","4":"has-post-thumbnail","6":"product_cat-vattenvard","8":"first","9":"instock","10":"taxable","11":"shipping-taxable","12":"purchasable","13":"product-type-simple"},"acf":[],"aioseo_notices":[],"_links":{"self":[{"href":"https:\/\/www.viskanspa.no\/en\/wp-json\/wp\/v2\/product\/16397","targetHints":{"allow":["GET"]}}],"collection":[{"href":"https:\/\/www.viskanspa.no\/en\/wp-json\/wp\/v2\/product"}],"about":[{"href":"https:\/\/www.viskanspa.no\/en\/wp-json\/wp\/v2\/types\/product"}],"wp:featuredmedia":[{"embeddable":true,"href":"https:\/\/www.viskanspa.no\/en\/wp-json\/wp\/v2\/media\/16398"}],"wp:attachment":[{"href":"https:\/\/www.viskanspa.no\/en\/wp-json\/wp\/v2\/media?parent=16397"}],"wp:term":[{"taxonomy":"product_brand","embeddable":true,"href":"https:\/\/www.viskanspa.no\/en\/wp-json\/wp\/v2\/product_brand?post=16397"},{"taxonomy":"product_cat","embeddable":true,"href":"https:\/\/www.viskanspa.no\/en\/wp-json\/wp\/v2\/product_cat?post=16397"},{"taxonomy":"product_tag","embeddable":true,"href":"https:\/\/www.viskanspa.no\/en\/wp-json\/wp\/v2\/product_tag?post=16397"}],"curies":[{"name":"wp","href":"https:\/\/api.w.org\/{rel}","templated":true}]}}