{"id":16389,"date":"2025-06-22T18:13:26","date_gmt":"2025-06-22T18:13:26","guid":{"rendered":"https:\/\/www.viskanspa.no\/?post_type=product&#038;p=16389"},"modified":"2025-06-22T18:15:48","modified_gmt":"2025-06-22T18:15:48","slug":"delphin-spa-foam-fighter","status":"publish","type":"product","link":"https:\/\/www.viskanspa.no\/en\/spabad\/vattenvard\/delphin-spa-foam-fighter\/","title":{"rendered":"DELPHIN SPA Foam Fighter"},"content":{"rendered":"","protected":false},"excerpt":{"rendered":"<pre id=\"tw-target-text\" class=\"tw-data-text tw-text-large tw-ta\" dir=\"ltr\" data-placeholder=\"Oversettelse\" data-ved=\"2ahUKEwjN6eSyuoWOAxXmFBAIHeLyOrIQ3ewLegQICRAW\" aria-label=\"Oversatt tekst: DELPHIN SPA Foam Fighter l\u00f8ser opp skum p\u00e5 vannoverflaten. Spray middelet direkte p\u00e5 skummet, flytende, med spraydysen. Hvis du ofte har skum, er det greit \u00e5 vite at det kan skyldes feil pH-verdi i vannet ditt, eller at en sjokkklorering kan hjelpe. Hvis du har hyppig eller kraftig skumming, anbefaler vi \u00e5 bytte ut alt eller deler av vannet. Pakken inneholder 1 liter flytende middel som du doserer direkte i badevannet.\"><span class=\"Y2IQFc\" lang=\"no\">DELPHIN SPA Foam Fighter l\u00f8ser opp skum p\u00e5 vannoverflaten. Spray middelet direkte p\u00e5 skummet, flytende, med spray munnstykket. Hvis du ofte har skum, er det greit \u00e5 vite at det kan skyldes feil pH-verdi i vannet ditt, eller at en sjokklorering kan hjelpe. Hvis du har hyppig eller kraftig skumming, anbefaler vi \u00e5 bytte ut alt eller deler av vannet. Pakken inneholder 1 liter flytende middel som du doserer direkte i badevannet.<\/span><\/pre>","protected":false},"featured_media":16390,"template":"","meta":{"_acf_changed":false,"om_disable_all_campaigns":false,"_monsterinsights_skip_tracking":false,"_monsterinsights_sitenote_active":false,"_monsterinsights_sitenote_note":"","_monsterinsights_sitenote_category":0},"product_brand":[],"product_cat":[61],"product_tag":[],"class_list":{"0":"post-16389","1":"product","2":"type-product","3":"status-publish","4":"has-post-thumbnail","6":"product_cat-vattenvard","8":"first","9":"instock","10":"taxable","11":"shipping-taxable","12":"purchasable","13":"product-type-simple"},"acf":[],"aioseo_notices":[],"_links":{"self":[{"href":"https:\/\/www.viskanspa.no\/en\/wp-json\/wp\/v2\/product\/16389","targetHints":{"allow":["GET"]}}],"collection":[{"href":"https:\/\/www.viskanspa.no\/en\/wp-json\/wp\/v2\/product"}],"about":[{"href":"https:\/\/www.viskanspa.no\/en\/wp-json\/wp\/v2\/types\/product"}],"wp:featuredmedia":[{"embeddable":true,"href":"https:\/\/www.viskanspa.no\/en\/wp-json\/wp\/v2\/media\/16390"}],"wp:attachment":[{"href":"https:\/\/www.viskanspa.no\/en\/wp-json\/wp\/v2\/media?parent=16389"}],"wp:term":[{"taxonomy":"product_brand","embeddable":true,"href":"https:\/\/www.viskanspa.no\/en\/wp-json\/wp\/v2\/product_brand?post=16389"},{"taxonomy":"product_cat","embeddable":true,"href":"https:\/\/www.viskanspa.no\/en\/wp-json\/wp\/v2\/product_cat?post=16389"},{"taxonomy":"product_tag","embeddable":true,"href":"https:\/\/www.viskanspa.no\/en\/wp-json\/wp\/v2\/product_tag?post=16389"}],"curies":[{"name":"wp","href":"https:\/\/api.w.org\/{rel}","templated":true}]}}