{"id":16387,"date":"2025-06-22T18:09:13","date_gmt":"2025-06-22T18:09:13","guid":{"rendered":"https:\/\/www.viskanspa.no\/?post_type=product&#038;p=16387"},"modified":"2025-06-22T18:12:57","modified_gmt":"2025-06-22T18:12:57","slug":"delphin-spa-filter-cleaner","status":"publish","type":"product","link":"https:\/\/www.viskanspa.no\/en\/spabad\/vattenvard\/delphin-spa-filter-cleaner\/","title":{"rendered":"DELPHIN SPA Filter Cleaner"},"content":{"rendered":"","protected":false},"excerpt":{"rendered":"<pre id=\"tw-target-text\" class=\"tw-data-text tw-text-large tw-ta\" dir=\"ltr\" data-placeholder=\"Oversettelse\" data-ved=\"2ahUKEwjN6eSyuoWOAxXmFBAIHeLyOrIQ3ewLegQICRAW\" aria-label=\"Oversatt tekst: Rengj\u00f8r filteret for kalk, organiske partikler, fett og oljerester med DELPHIN SPA Filter Cleaner. Ved \u00e5 rengj\u00f8re filteret regelmessig med Spa Filter Cleaner forbedrer du forholdene for optimal vannkvalitet. Et flytende rengj\u00f8ringsmiddel med spraydyse.\"><span class=\"Y2IQFc\" lang=\"no\">Rengj\u00f8r filteret for kalk, organiske partikler, fett og oljerester med DELPHIN SPA Filter Cleaner. Ved \u00e5 rengj\u00f8re filteret regelmessig med Spa Filter Cleaner forbedrer du forholdene for optimal vannkvalitet. Et flytende rengj\u00f8ringsmiddel med spray munnstykke.<\/span><\/pre>","protected":false},"featured_media":16388,"template":"","meta":{"_acf_changed":false,"om_disable_all_campaigns":false,"_monsterinsights_skip_tracking":false,"_monsterinsights_sitenote_active":false,"_monsterinsights_sitenote_note":"","_monsterinsights_sitenote_category":0},"product_brand":[],"product_cat":[61],"product_tag":[],"class_list":{"0":"post-16387","1":"product","2":"type-product","3":"status-publish","4":"has-post-thumbnail","6":"product_cat-vattenvard","8":"first","9":"instock","10":"taxable","11":"shipping-taxable","12":"purchasable","13":"product-type-simple"},"acf":[],"aioseo_notices":[],"_links":{"self":[{"href":"https:\/\/www.viskanspa.no\/en\/wp-json\/wp\/v2\/product\/16387","targetHints":{"allow":["GET"]}}],"collection":[{"href":"https:\/\/www.viskanspa.no\/en\/wp-json\/wp\/v2\/product"}],"about":[{"href":"https:\/\/www.viskanspa.no\/en\/wp-json\/wp\/v2\/types\/product"}],"wp:featuredmedia":[{"embeddable":true,"href":"https:\/\/www.viskanspa.no\/en\/wp-json\/wp\/v2\/media\/16388"}],"wp:attachment":[{"href":"https:\/\/www.viskanspa.no\/en\/wp-json\/wp\/v2\/media?parent=16387"}],"wp:term":[{"taxonomy":"product_brand","embeddable":true,"href":"https:\/\/www.viskanspa.no\/en\/wp-json\/wp\/v2\/product_brand?post=16387"},{"taxonomy":"product_cat","embeddable":true,"href":"https:\/\/www.viskanspa.no\/en\/wp-json\/wp\/v2\/product_cat?post=16387"},{"taxonomy":"product_tag","embeddable":true,"href":"https:\/\/www.viskanspa.no\/en\/wp-json\/wp\/v2\/product_tag?post=16387"}],"curies":[{"name":"wp","href":"https:\/\/api.w.org\/{rel}","templated":true}]}}