{"id":16382,"date":"2025-06-22T17:44:07","date_gmt":"2025-06-22T17:44:07","guid":{"rendered":"https:\/\/www.viskanspa.no\/?post_type=product&#038;p=16382"},"modified":"2025-06-22T17:48:52","modified_gmt":"2025-06-22T17:48:52","slug":"delphin-spa-gentle-clarifier","status":"publish","type":"product","link":"https:\/\/www.viskanspa.no\/en\/spabad\/vattenvard\/delphin-spa-gentle-clarifier\/","title":{"rendered":"DELPHIN SPA Gentle Clarifier"},"content":{"rendered":"","protected":false},"excerpt":{"rendered":"<pre id=\"tw-target-text\" class=\"tw-data-text tw-text-large tw-ta\" dir=\"ltr\" data-placeholder=\"Oversettelse\" data-ved=\"2ahUKEwjN6eSyuoWOAxXmFBAIHeLyOrIQ3ewLegQICRAW\" aria-label=\"Oversatt tekst: DELPHIN SPA Gentle Clarifier klargj\u00f8r vannet ved \u00e5 flokkulere sm\u00e5 partikler i vannet, som kosmetikkrester, fosfater og metaller. Resultatet er krystallklart vann i spaet. Spa Gentle Clarifier er ogs\u00e5 sv\u00e6rt godt egnet for systemer med patronfiltre.\"><span class=\"Y2IQFc\" lang=\"no\">DELPHIN SPA Gentle Clarifier klargj\u00f8r vannet ved \u00e5 flokkulere sm\u00e5 partikler i vannet, som kosmetikkrester, fosfater og metaller. Resultatet er krystallklart vann i spaet. Spa Gentle Clarifier er ogs\u00e5 sv\u00e6rt godt egnet for systemer med patronfiltre.<\/span><\/pre>\n<p>&nbsp;<\/p>","protected":false},"featured_media":16383,"template":"","meta":{"_acf_changed":false,"om_disable_all_campaigns":false,"_monsterinsights_skip_tracking":false,"_monsterinsights_sitenote_active":false,"_monsterinsights_sitenote_note":"","_monsterinsights_sitenote_category":0},"product_brand":[],"product_cat":[61],"product_tag":[],"class_list":{"0":"post-16382","1":"product","2":"type-product","3":"status-publish","4":"has-post-thumbnail","6":"product_cat-vattenvard","8":"first","9":"instock","10":"taxable","11":"shipping-taxable","12":"purchasable","13":"product-type-simple"},"acf":[],"aioseo_notices":[],"_links":{"self":[{"href":"https:\/\/www.viskanspa.no\/en\/wp-json\/wp\/v2\/product\/16382","targetHints":{"allow":["GET"]}}],"collection":[{"href":"https:\/\/www.viskanspa.no\/en\/wp-json\/wp\/v2\/product"}],"about":[{"href":"https:\/\/www.viskanspa.no\/en\/wp-json\/wp\/v2\/types\/product"}],"wp:featuredmedia":[{"embeddable":true,"href":"https:\/\/www.viskanspa.no\/en\/wp-json\/wp\/v2\/media\/16383"}],"wp:attachment":[{"href":"https:\/\/www.viskanspa.no\/en\/wp-json\/wp\/v2\/media?parent=16382"}],"wp:term":[{"taxonomy":"product_brand","embeddable":true,"href":"https:\/\/www.viskanspa.no\/en\/wp-json\/wp\/v2\/product_brand?post=16382"},{"taxonomy":"product_cat","embeddable":true,"href":"https:\/\/www.viskanspa.no\/en\/wp-json\/wp\/v2\/product_cat?post=16382"},{"taxonomy":"product_tag","embeddable":true,"href":"https:\/\/www.viskanspa.no\/en\/wp-json\/wp\/v2\/product_tag?post=16382"}],"curies":[{"name":"wp","href":"https:\/\/api.w.org\/{rel}","templated":true}]}}