{"id":16366,"date":"2025-06-22T16:40:39","date_gmt":"2025-06-22T16:40:39","guid":{"rendered":"https:\/\/www.viskanspa.no\/?post_type=product&#038;p=16366"},"modified":"2025-06-22T17:34:09","modified_gmt":"2025-06-22T17:34:09","slug":"delphin-spa-klor-tabs-20g","status":"publish","type":"product","link":"https:\/\/www.viskanspa.no\/en\/spabad\/vattenvard\/klor\/delphin-spa-klor-tabs-20g\/","title":{"rendered":"DELPHIN SPA Klor Tabs 20g"},"content":{"rendered":"","protected":false},"excerpt":{"rendered":"<pre id=\"tw-target-text\" class=\"tw-data-text tw-text-large tw-ta\" dir=\"ltr\" data-placeholder=\"Oversettelse\" data-ved=\"2ahUKEwjN6eSyuoWOAxXmFBAIHeLyOrIQ3ewLegQICRAW\" aria-label=\"Oversatt tekst: DELPHIN SPA klortabletter p\u00e5 20 g er langsomt oppl\u00f8selige klortabletter p\u00e5 20 g for kontinuerlig klorering, spesielt hvis spaet ikke er i bruk over lengre tid.\"><span class=\"Y2IQFc\" lang=\"no\">DELPHIN SPA Klor Tabs 20 g er langsomt oppl\u00f8selige klortabletter p\u00e5 20 gram for kontinuerlig klorering, spesielt hvis spaet ikke er i bruk over lengre tid.<\/span><\/pre>\n<p>&nbsp;<\/p>","protected":false},"featured_media":16367,"template":"","meta":{"_acf_changed":false,"om_disable_all_campaigns":false,"_monsterinsights_skip_tracking":false,"_monsterinsights_sitenote_active":false,"_monsterinsights_sitenote_note":"","_monsterinsights_sitenote_category":0},"product_brand":[],"product_cat":[61,103],"product_tag":[],"class_list":{"0":"post-16366","1":"product","2":"type-product","3":"status-publish","4":"has-post-thumbnail","6":"product_cat-vattenvard","7":"product_cat-klor","9":"first","10":"instock","11":"taxable","12":"shipping-taxable","13":"purchasable","14":"product-type-simple"},"acf":[],"aioseo_notices":[],"_links":{"self":[{"href":"https:\/\/www.viskanspa.no\/en\/wp-json\/wp\/v2\/product\/16366","targetHints":{"allow":["GET"]}}],"collection":[{"href":"https:\/\/www.viskanspa.no\/en\/wp-json\/wp\/v2\/product"}],"about":[{"href":"https:\/\/www.viskanspa.no\/en\/wp-json\/wp\/v2\/types\/product"}],"wp:featuredmedia":[{"embeddable":true,"href":"https:\/\/www.viskanspa.no\/en\/wp-json\/wp\/v2\/media\/16367"}],"wp:attachment":[{"href":"https:\/\/www.viskanspa.no\/en\/wp-json\/wp\/v2\/media?parent=16366"}],"wp:term":[{"taxonomy":"product_brand","embeddable":true,"href":"https:\/\/www.viskanspa.no\/en\/wp-json\/wp\/v2\/product_brand?post=16366"},{"taxonomy":"product_cat","embeddable":true,"href":"https:\/\/www.viskanspa.no\/en\/wp-json\/wp\/v2\/product_cat?post=16366"},{"taxonomy":"product_tag","embeddable":true,"href":"https:\/\/www.viskanspa.no\/en\/wp-json\/wp\/v2\/product_tag?post=16366"}],"curies":[{"name":"wp","href":"https:\/\/api.w.org\/{rel}","templated":true}]}}