{"id":6507,"date":"2022-06-28T13:47:57","date_gmt":"2022-06-28T13:47:57","guid":{"rendered":"https:\/\/www.viskanspa.no\/?page_id=6507"},"modified":"2025-05-31T08:37:56","modified_gmt":"2025-05-31T08:37:56","slug":"valja-spabad","status":"publish","type":"page","link":"https:\/\/www.viskanspa.no\/en\/valja-spabad\/","title":{"rendered":"Velg spabad"},"content":{"rendered":"<div data-elementor-type=\"wp-page\" data-elementor-id=\"6507\" class=\"elementor elementor-6507\" data-elementor-post-type=\"page\">\n\t\t\t\t\t\t<section class=\"elementor-section elementor-top-section elementor-element elementor-element-0bb5549 elementor-section-full_width elementor-section-content-middle elementor-section-height-min-height elementor-section-height-default elementor-section-items-middle\" data-id=\"0bb5549\" data-element_type=\"section\" data-settings=\"{&quot;background_background&quot;:&quot;classic&quot;}\">\n\t\t\t\t\t\t\t<div class=\"elementor-background-overlay\"><\/div>\n\t\t\t\t\t\t\t<div class=\"elementor-container elementor-column-gap-default\">\n\t\t\t\t\t<div class=\"elementor-column elementor-col-100 elementor-top-column elementor-element elementor-element-b664e83\" data-id=\"b664e83\" data-element_type=\"column\" data-settings=\"{&quot;background_background&quot;:&quot;classic&quot;}\">\n\t\t\t<div class=\"elementor-widget-wrap elementor-element-populated\">\n\t\t\t\t\t\t<div class=\"elementor-element elementor-element-1068b95 elementor-cta--skin-cover elementor-widget__width-initial elementor-widget-tablet__width-initial elementor-cta--valign-middle elementor-widget elementor-widget-call-to-action\" data-id=\"1068b95\" data-element_type=\"widget\" data-widget_type=\"call-to-action.default\">\n\t\t\t\t<div class=\"elementor-widget-container\">\n\t\t\t\t\t\t\t<div class=\"elementor-cta\">\n\t\t\t\t\t<div class=\"elementor-cta__bg-wrapper\">\n\t\t\t\t<div class=\"elementor-cta__bg elementor-bg\" style=\"background-image: url();\" role=\"img\" aria-label=\"\"><\/div>\n\t\t\t\t<div class=\"elementor-cta__bg-overlay\"><\/div>\n\t\t\t<\/div>\n\t\t\t\t\t\t\t<div class=\"elementor-cta__content\">\n\t\t\t\t\n\t\t\t\t\t\t\t\t\t<h1 class=\"elementor-cta__title elementor-cta__content-item elementor-content-item\">\n\t\t\t\t\t\tVelg spabad\t\t\t\t\t<\/h1>\n\t\t\t\t\n\t\t\t\t\n\t\t\t\t\t\t\t\t\t<div class=\"elementor-cta__button-wrapper elementor-cta__content-item elementor-content-item\">\n\t\t\t\t\t<a class=\"elementor-cta__button elementor-button elementor-size-\" href=\"https:\/\/www.viskanspa.no\/en\/shop\/\">\n\t\t\t\t\t\tHandle her\t\t\t\t\t<\/a>\n\t\t\t\t\t<\/div>\n\t\t\t\t\t\t\t<\/div>\n\t\t\t\t\t\t<\/div>\n\t\t\t\t\t\t<\/div>\n\t\t\t\t<\/div>\n\t\t\t\t\t<\/div>\n\t\t<\/div>\n\t\t\t\t\t<\/div>\n\t\t<\/section>\n\t\t\t\t<section class=\"elementor-section elementor-top-section elementor-element elementor-element-f0c1ab6 elementor-section-height-min-height elementor-section-boxed elementor-section-height-default elementor-section-items-middle\" data-id=\"f0c1ab6\" data-element_type=\"section\" data-settings=\"{&quot;background_background&quot;:&quot;classic&quot;}\">\n\t\t\t\t\t\t\t<div class=\"elementor-background-overlay\"><\/div>\n\t\t\t\t\t\t\t<div class=\"elementor-container elementor-column-gap-default\">\n\t\t\t\t\t<div class=\"elementor-column elementor-col-100 elementor-top-column elementor-element elementor-element-dcdb9d8\" data-id=\"dcdb9d8\" data-element_type=\"column\" data-settings=\"{&quot;background_background&quot;:&quot;classic&quot;}\">\n\t\t\t<div class=\"elementor-widget-wrap elementor-element-populated\">\n\t\t\t\t\t\t<div class=\"elementor-element elementor-element-e468419 elementor-widget elementor-widget-text-editor\" data-id=\"e468419\" data-element_type=\"widget\" data-widget_type=\"text-editor.default\">\n\t\t\t\t<div class=\"elementor-widget-container\">\n\t\t\t\t\t\t\t\t\t<h2>1. Velg modell<\/h2><p>Finn en modell som passer dine behov med tanke p\u00e5 st\u00f8rrelse, utforming, utstyrsniv\u00e5 og massasjefunksjoner. For \u00e5 finne den formen for massasje du ser etter, bruk f\u00f8lgende symboler:<\/p><div><div><div><img decoding=\"async\" src=\"\/wp-content\/uploads\/2022\/07\/viskan_spa_punktmassage.png\" alt=\"\" \/>Fixed, directional, single-point massage<\/div><div><img decoding=\"async\" src=\"\/wp-content\/uploads\/2022\/07\/viskan_spa_knadande_massage.png\" alt=\"\" \/>Pummelling massage<\/div><\/div><div><div><img decoding=\"async\" src=\"\/wp-content\/uploads\/2022\/07\/viskan_spa_pulserande_massage.png\" alt=\"\" \/>Pulsating massage<\/div><div><img decoding=\"async\" src=\"\/wp-content\/uploads\/2022\/07\/viskan_spa_nackmassage.png\" alt=\"\" \/>Neck\/shoulder massage<\/div><\/div><\/div><h2>2. Velg skallfarge<\/h2><p>Markedets tykkeste skall, fra den beste leverand\u00f8ren. Skallet er mer enn dobbelt s\u00e5 tykkt som normalt og bygget av b\u00e5de akryl og ABS, for best mulig styrke og fleksibilitet. Finnes i f\u00f8lgende fire utf\u00f8relser:<\/p><p><img fetchpriority=\"high\" decoding=\"async\" class=\"alignnone wp-image-15525\" src=\"https:\/\/www.viskanspa.no\/wp-content\/uploads\/2025\/03\/Ny_Skalfarger_20-300x165.jpg\" alt=\"\" width=\"315\" height=\"173\" srcset=\"https:\/\/www.viskanspa.no\/wp-content\/uploads\/2025\/03\/Ny_Skalfarger_20-300x165.jpg 300w, https:\/\/www.viskanspa.no\/wp-content\/uploads\/2025\/03\/Ny_Skalfarger_20-18x10.jpg 18w, https:\/\/www.viskanspa.no\/wp-content\/uploads\/2025\/03\/Ny_Skalfarger_20-297x163.jpg 297w, https:\/\/www.viskanspa.no\/wp-content\/uploads\/2025\/03\/Ny_Skalfarger_20-64x35.jpg 64w, https:\/\/www.viskanspa.no\/wp-content\/uploads\/2025\/03\/Ny_Skalfarger_20.jpg 452w\" sizes=\"(max-width: 315px) 100vw, 315px\" \/> \u00a0<img decoding=\"async\" class=\"alignnone wp-image-15526\" src=\"https:\/\/www.viskanspa.no\/wp-content\/uploads\/2025\/03\/Ny_Skalfarger_202355-300x159.jpg\" alt=\"\" width=\"325\" height=\"173\" srcset=\"https:\/\/www.viskanspa.no\/wp-content\/uploads\/2025\/03\/Ny_Skalfarger_202355-300x159.jpg 300w, https:\/\/www.viskanspa.no\/wp-content\/uploads\/2025\/03\/Ny_Skalfarger_202355-18x10.jpg 18w, https:\/\/www.viskanspa.no\/wp-content\/uploads\/2025\/03\/Ny_Skalfarger_202355-297x157.jpg 297w, https:\/\/www.viskanspa.no\/wp-content\/uploads\/2025\/03\/Ny_Skalfarger_202355-64x34.jpg 64w, https:\/\/www.viskanspa.no\/wp-content\/uploads\/2025\/03\/Ny_Skalfarger_202355.jpg 469w\" sizes=\"(max-width: 325px) 100vw, 325px\" \/><br \/><em>\u00a0 \u00a0White\u00a0 \u00a0 \u00a0 \u00a0 \u00a0 \u00a0 \u00a0 \u00a0 \u00a0 \u00a0 \u00a0 \u00a0 \u00a0 \u00a0Sterling\u00a0 \u00a0 \u00a0 \u00a0 \u00a0 \u00a0 \u00a0 \u00a0 \u00a0 \u00a0 \u00a0 \u00a0 \u00a0\u00a0<\/em><em style=\"color: var( --e-global-color-text ); font-family: var( --e-global-typography-text-font-family ), Sans-serif; font-size: var( --e-global-typography-text-font-size ); font-weight: var( --e-global-typography-text-font-weight ); text-transform: var( --e-global-typography-text-text-transform );\">Mystic\u00a0 \u00a0 \u00a0 \u00a0 \u00a0 \u00a0 \u00a0 \u00a0 \u00a0 \u00a0 \u00a0 \u00a0 \u00a0<\/em><em style=\"color: var( --e-global-color-text ); font-family: var( --e-global-typography-text-font-family ), Sans-serif; font-size: var( --e-global-typography-text-font-size ); font-weight: var( --e-global-typography-text-font-weight ); text-transform: var( --e-global-typography-text-text-transform );\">Midnight<\/em><\/p><p><span style=\"color: inherit; font-family: inherit; font-size: 2rem; font-weight: 600; text-transform: var( --e-global-typography-text-text-transform );\">3. Velg panelfarge<\/span><\/p><p>Slipp \u00e5 tenke p\u00e5 at du m\u00e5 olje inn treverket, eller male om panelet. V\u00e5re paneler er laget av komposittmateriale eller aluminium. De passer godt med utem\u00f8bler og er vedlikeholdsfrie. Skulle de bli skitne, s\u00e5 skylles de enkelt av med vanlig vann. Velg mellom f\u00f8lgende ulike utf\u00f8relser.:<\/p><h3>Til S-serien<\/h3><p>\u00a0<img decoding=\"async\" class=\"wp-image-13592 alignleft\" src=\"https:\/\/www.viskanspa.no\/wp-content\/uploads\/2024\/08\/Ny-Panel-Brun_2-HIGH-RES-300x300.jpg\" alt=\"\" width=\"234\" height=\"234\" srcset=\"https:\/\/www.viskanspa.no\/wp-content\/uploads\/2024\/08\/Ny-Panel-Brun_2-HIGH-RES-300x300.jpg 300w, https:\/\/www.viskanspa.no\/wp-content\/uploads\/2024\/08\/Ny-Panel-Brun_2-HIGH-RES-297x297.jpg 297w, https:\/\/www.viskanspa.no\/wp-content\/uploads\/2024\/08\/Ny-Panel-Brun_2-HIGH-RES-100x100.jpg 100w, https:\/\/www.viskanspa.no\/wp-content\/uploads\/2024\/08\/Ny-Panel-Brun_2-HIGH-RES-505x505.jpg 505w, https:\/\/www.viskanspa.no\/wp-content\/uploads\/2024\/08\/Ny-Panel-Brun_2-HIGH-RES-64x64.jpg 64w, https:\/\/www.viskanspa.no\/wp-content\/uploads\/2024\/08\/Ny-Panel-Brun_2-HIGH-RES-1024x1024.jpg 1024w, https:\/\/www.viskanspa.no\/wp-content\/uploads\/2024\/08\/Ny-Panel-Brun_2-HIGH-RES-150x150.jpg 150w, https:\/\/www.viskanspa.no\/wp-content\/uploads\/2024\/08\/Ny-Panel-Brun_2-HIGH-RES-768x768.jpg 768w, https:\/\/www.viskanspa.no\/wp-content\/uploads\/2024\/08\/Ny-Panel-Brun_2-HIGH-RES-12x12.jpg 12w, https:\/\/www.viskanspa.no\/wp-content\/uploads\/2024\/08\/Ny-Panel-Brun_2-HIGH-RES.jpg 1080w\" sizes=\"(max-width: 234px) 100vw, 234px\" \/><img loading=\"lazy\" decoding=\"async\" class=\"wp-image-13594 alignleft\" src=\"https:\/\/www.viskanspa.no\/wp-content\/uploads\/2024\/08\/Ny-Panel-Svart_1-HIGH-RES-300x300.jpg\" alt=\"\" width=\"245\" height=\"245\" srcset=\"https:\/\/www.viskanspa.no\/wp-content\/uploads\/2024\/08\/Ny-Panel-Svart_1-HIGH-RES-300x300.jpg 300w, https:\/\/www.viskanspa.no\/wp-content\/uploads\/2024\/08\/Ny-Panel-Svart_1-HIGH-RES-297x297.jpg 297w, https:\/\/www.viskanspa.no\/wp-content\/uploads\/2024\/08\/Ny-Panel-Svart_1-HIGH-RES-100x100.jpg 100w, https:\/\/www.viskanspa.no\/wp-content\/uploads\/2024\/08\/Ny-Panel-Svart_1-HIGH-RES-505x505.jpg 505w, https:\/\/www.viskanspa.no\/wp-content\/uploads\/2024\/08\/Ny-Panel-Svart_1-HIGH-RES-64x64.jpg 64w, https:\/\/www.viskanspa.no\/wp-content\/uploads\/2024\/08\/Ny-Panel-Svart_1-HIGH-RES-1024x1024.jpg 1024w, https:\/\/www.viskanspa.no\/wp-content\/uploads\/2024\/08\/Ny-Panel-Svart_1-HIGH-RES-150x150.jpg 150w, https:\/\/www.viskanspa.no\/wp-content\/uploads\/2024\/08\/Ny-Panel-Svart_1-HIGH-RES-768x768.jpg 768w, https:\/\/www.viskanspa.no\/wp-content\/uploads\/2024\/08\/Ny-Panel-Svart_1-HIGH-RES-12x12.jpg 12w, https:\/\/www.viskanspa.no\/wp-content\/uploads\/2024\/08\/Ny-Panel-Svart_1-HIGH-RES.jpg 1080w\" sizes=\"(max-width: 245px) 100vw, 245px\" \/><\/p><p><em>\u00a0<\/em><\/p><p><em>\u00a0<\/em><\/p><p><em>\u00a0<\/em><\/p><p><em>\u00a0<\/em><\/p><p><em>\u00a0<\/em><\/p><p><em>\u00a0<\/em><\/p><p><em>Sand liggende panel eller svart liggende panel.<\/em><\/p><h3><span style=\"color: inherit; font-family: inherit; font-size: 1.75rem; text-transform: var( --e-global-typography-text-text-transform );\">Til V-serien<\/span><\/h3><p><img loading=\"lazy\" decoding=\"async\" src=\"https:\/\/www.viskanspa.no\/wp-content\/uploads\/2023\/01\/Ljus_Svart_V_serien-300x84.jpg\" alt=\"\" width=\"500\" height=\"140\" \/><\/p><p><em>Alumi lys tre eller Alumi Svart<\/em><\/p><h2>4. Thermolokk<\/h2><p>Vi har et av markedets klart beste lokk, og varmen stiger som kjent oppover. V\u00e5re lokk er laget med en kjerne av tykk plastbelagt h\u00f8y densitet cellplast som har veldig god isolasjonsevne selv etter noen \u00e5r. Lokkdelene har en forsterkning som gj\u00f8r at de ikke b\u00f8yer seg eller mister formen.<\/p><p>Til v\u00e5re spabad f\u00f8lger v\u00e5re Weather Shield-lokk med der overtrekket er et gjennomfarget polyesterstoff som er designet for \u00e5 v\u00e6re fleksibelt. Belegget \u00f8ker stabiliteten til stoffet og muliggj\u00f8r h\u00f8yere vannmotstand samtidig som det minimerer risikoen for krymping og strekking. Weather Shield har h\u00f8y UV-, vann- og muggmotstand, utmerket slitestyrke og er ekstremt motstandsdyktighet mot slitasje.<\/p><p>De er enkle \u00e5 vedlikeholde, kan enten vaskes eller b\u00f8rstes av og skylles.<\/p><p>\u00a0<img loading=\"lazy\" decoding=\"async\" class=\"alignnone size-medium wp-image-14104\" src=\"https:\/\/www.viskanspa.no\/wp-content\/uploads\/2024\/09\/Lock-narbild-300x141.png\" alt=\"\" width=\"300\" height=\"141\" srcset=\"https:\/\/www.viskanspa.no\/wp-content\/uploads\/2024\/09\/Lock-narbild-300x141.png 300w, https:\/\/www.viskanspa.no\/wp-content\/uploads\/2024\/09\/Lock-narbild-297x140.png 297w, https:\/\/www.viskanspa.no\/wp-content\/uploads\/2024\/09\/Lock-narbild-505x237.png 505w, https:\/\/www.viskanspa.no\/wp-content\/uploads\/2024\/09\/Lock-narbild-64x30.png 64w, https:\/\/www.viskanspa.no\/wp-content\/uploads\/2024\/09\/Lock-narbild-1024x481.png 1024w, https:\/\/www.viskanspa.no\/wp-content\/uploads\/2024\/09\/Lock-narbild-768x361.png 768w, https:\/\/www.viskanspa.no\/wp-content\/uploads\/2024\/09\/Lock-narbild-1536x722.png 1536w, https:\/\/www.viskanspa.no\/wp-content\/uploads\/2024\/09\/Lock-narbild-2048x962.png 2048w, https:\/\/www.viskanspa.no\/wp-content\/uploads\/2024\/09\/Lock-narbild-18x8.png 18w\" sizes=\"(max-width: 300px) 100vw, 300px\" \/><br \/><em>Lokket er svart\u00a0<\/em><\/p>\t\t\t\t\t\t\t\t<\/div>\n\t\t\t\t<\/div>\n\t\t\t\t\t<\/div>\n\t\t<\/div>\n\t\t\t\t\t<\/div>\n\t\t<\/section>\n\t\t\t\t<\/div>","protected":false},"excerpt":{"rendered":"<p>Velg spabad Handle her 1. Velg modell Finn en modell som passer dine behov med tanke p\u00e5 st\u00f8rrelse, utforming, utstyrsniv\u00e5 og massasjefunksjoner. For \u00e5 finne den formen for massasje du ser etter, bruk f\u00f8lgende symboler: Fast riktbar punktmassageKn\u00e5dande massagePulserande massageNackmassage 2. Velg skallfarge Markedets tykkeste skall, fra den beste leverand\u00f8ren. Skallet er mer enn dobbelt [&hellip;]<\/p>","protected":false},"author":1,"featured_media":0,"parent":0,"menu_order":0,"comment_status":"closed","ping_status":"closed","template":"","meta":{"_acf_changed":false,"om_disable_all_campaigns":false,"_monsterinsights_skip_tracking":false,"_monsterinsights_sitenote_active":false,"_monsterinsights_sitenote_note":"","_monsterinsights_sitenote_category":0,"footnotes":""},"class_list":["post-6507","page","type-page","status-publish","hentry"],"acf":[],"aioseo_notices":[],"_links":{"self":[{"href":"https:\/\/www.viskanspa.no\/en\/wp-json\/wp\/v2\/pages\/6507","targetHints":{"allow":["GET"]}}],"collection":[{"href":"https:\/\/www.viskanspa.no\/en\/wp-json\/wp\/v2\/pages"}],"about":[{"href":"https:\/\/www.viskanspa.no\/en\/wp-json\/wp\/v2\/types\/page"}],"author":[{"embeddable":true,"href":"https:\/\/www.viskanspa.no\/en\/wp-json\/wp\/v2\/users\/1"}],"replies":[{"embeddable":true,"href":"https:\/\/www.viskanspa.no\/en\/wp-json\/wp\/v2\/comments?post=6507"}],"version-history":[{"count":32,"href":"https:\/\/www.viskanspa.no\/en\/wp-json\/wp\/v2\/pages\/6507\/revisions"}],"predecessor-version":[{"id":16202,"href":"https:\/\/www.viskanspa.no\/en\/wp-json\/wp\/v2\/pages\/6507\/revisions\/16202"}],"wp:attachment":[{"href":"https:\/\/www.viskanspa.no\/en\/wp-json\/wp\/v2\/media?parent=6507"}],"curies":[{"name":"wp","href":"https:\/\/api.w.org\/{rel}","templated":true}]}}