{"id":6503,"date":"2022-06-28T13:47:14","date_gmt":"2022-06-28T13:47:14","guid":{"rendered":"https:\/\/www.viskanspa.no\/?page_id=6503"},"modified":"2025-06-01T08:06:39","modified_gmt":"2025-06-01T08:06:39","slug":"varfor-viskan-spa","status":"publish","type":"page","link":"https:\/\/www.viskanspa.no\/en\/varfor-viskan-spa\/","title":{"rendered":"Hvorfor Viskan Spa?"},"content":{"rendered":"<div data-elementor-type=\"wp-page\" data-elementor-id=\"6503\" class=\"elementor elementor-6503\" data-elementor-post-type=\"page\">\n\t\t\t\t\t\t<section class=\"elementor-section elementor-top-section elementor-element elementor-element-004046c elementor-section-full_width elementor-section-content-middle elementor-section-height-min-height elementor-section-height-default elementor-section-items-middle\" data-id=\"004046c\" data-element_type=\"section\" data-settings=\"{&quot;background_background&quot;:&quot;classic&quot;}\">\n\t\t\t\t\t\t\t<div class=\"elementor-background-overlay\"><\/div>\n\t\t\t\t\t\t\t<div class=\"elementor-container elementor-column-gap-default\">\n\t\t\t\t\t<div class=\"elementor-column elementor-col-100 elementor-top-column elementor-element elementor-element-57144f2\" data-id=\"57144f2\" data-element_type=\"column\" data-settings=\"{&quot;background_background&quot;:&quot;classic&quot;}\">\n\t\t\t<div class=\"elementor-widget-wrap elementor-element-populated\">\n\t\t\t\t\t\t<div class=\"elementor-element elementor-element-098ae87 elementor-widget elementor-widget-heading\" data-id=\"098ae87\" data-element_type=\"widget\" data-widget_type=\"heading.default\">\n\t\t\t\t<div class=\"elementor-widget-container\">\n\t\t\t\t\t<h1 class=\"elementor-heading-title elementor-size-default\">Hvorfor Viskan Spa?<\/h1>\t\t\t\t<\/div>\n\t\t\t\t<\/div>\n\t\t\t\t\t<\/div>\n\t\t<\/div>\n\t\t\t\t\t<\/div>\n\t\t<\/section>\n\t\t\t\t<section class=\"elementor-section elementor-top-section elementor-element elementor-element-6ba21d6 elementor-section-height-min-height elementor-section-boxed elementor-section-height-default elementor-section-items-middle\" data-id=\"6ba21d6\" data-element_type=\"section\">\n\t\t\t\t\t\t<div class=\"elementor-container elementor-column-gap-default\">\n\t\t\t\t\t<div class=\"elementor-column elementor-col-100 elementor-top-column elementor-element elementor-element-889bb02\" data-id=\"889bb02\" data-element_type=\"column\">\n\t\t\t<div class=\"elementor-widget-wrap elementor-element-populated\">\n\t\t\t\t\t\t<div class=\"elementor-element elementor-element-f747622 elementor-cta--layout-image-right elementor-cta--valign-middle cta-boxes elementor-widget__width-inherit elementor-cta--mobile-layout-image-above elementor-cta--skin-classic elementor-animated-content elementor-widget elementor-widget-call-to-action\" data-id=\"f747622\" data-element_type=\"widget\" data-widget_type=\"call-to-action.default\">\n\t\t\t\t<div class=\"elementor-widget-container\">\n\t\t\t\t\t\t\t<div class=\"elementor-cta\">\n\t\t\t\t\t<div class=\"elementor-cta__bg-wrapper\">\n\t\t\t\t<div class=\"elementor-cta__bg elementor-bg\" style=\"background-image: url(https:\/\/www.viskanspa.no\/wp-content\/uploads\/2022\/05\/shutterstock_500948119-1.jpg);\" role=\"img\" aria-label=\"shutterstock_500948119 (1)\"><\/div>\n\t\t\t\t<div class=\"elementor-cta__bg-overlay\"><\/div>\n\t\t\t<\/div>\n\t\t\t\t\t\t\t<div class=\"elementor-cta__content\">\n\t\t\t\t\n\t\t\t\t\t\t\t\t\t<h2 class=\"elementor-cta__title elementor-cta__content-item elementor-content-item\">\n\t\t\t\t\t\tFor v\u00e5re forhold\t\t\t\t\t<\/h2>\n\t\t\t\t\n\t\t\t\t\t\t\t\t\t<div class=\"elementor-cta__description elementor-cta__content-item elementor-content-item\">\n\t\t\t\t\t\tI Norge kan forskjellen mellom vinter og sommer v\u00e6re over 50\u00b0C. Men det er ikke kulden som er den st\u00f8rste utfordringen \u2013 det er den r\u00e5 fuktigheten og vinden. Basert p\u00e5 dette designer vi derfor v\u00e5re spa med f\u00f8lgende fordeler:\t\t\t\t\t<\/div>\n\t\t\t\t\n\t\t\t\t\t\t\t<\/div>\n\t\t\t\t\t\t<\/div>\n\t\t\t\t\t\t<\/div>\n\t\t\t\t<\/div>\n\t\t\t\t<div class=\"elementor-element elementor-element-c538317 elementor-cta--layout-image-left elementor-cta--valign-middle cta-boxes elementor-widget__width-inherit elementor-cta--mobile-layout-image-above elementor-cta--skin-classic elementor-animated-content elementor-widget elementor-widget-call-to-action\" data-id=\"c538317\" data-element_type=\"widget\" data-widget_type=\"call-to-action.default\">\n\t\t\t\t<div class=\"elementor-widget-container\">\n\t\t\t\t\t\t\t<div class=\"elementor-cta\">\n\t\t\t\t\t<div class=\"elementor-cta__bg-wrapper\">\n\t\t\t\t<div class=\"elementor-cta__bg elementor-bg\" style=\"background-image: url(https:\/\/www.viskanspa.no\/wp-content\/uploads\/2022\/05\/Mo\u0308ssa_filt_bild-1.jpg);\" role=\"img\" aria-label=\"Mo\u0308ssa_filt_bild (1)\"><\/div>\n\t\t\t\t<div class=\"elementor-cta__bg-overlay\"><\/div>\n\t\t\t<\/div>\n\t\t\t\t\t\t\t<div class=\"elementor-cta__content\">\n\t\t\t\t\n\t\t\t\t\t\t\t\t\t<h2 class=\"elementor-cta__title elementor-cta__content-item elementor-content-item\">\n\t\t\t\t\t\tSetedybde \u2013 Dypere enn konkurrentene\t\t\t\t\t<\/h2>\n\t\t\t\t\n\t\t\t\t\t\t\t\t\t<div class=\"elementor-cta__description elementor-cta__content-item elementor-content-item\">\n\t\t\t\t\t\t\u00c5 bade ute om vinteren er en fantastisk for b\u00e5de kropp og sjel. Men da m\u00e5 du sitte komfortabelt og lene deg tilbake med vann over skuldrene \u2013 ellers blir det kaldt. At vi i Skandinavia ogs\u00e5 er litt h\u00f8yere gj\u00f8r design og setedybde ekstra viktig. Derfor er et Viskan Spa litt dypere enn de andre badene p\u00e5 markedet \u2013 test det ut og se selv.\t\t\t\t\t<\/div>\n\t\t\t\t\n\t\t\t\t\t\t\t<\/div>\n\t\t\t\t\t\t<\/div>\n\t\t\t\t\t\t<\/div>\n\t\t\t\t<\/div>\n\t\t\t\t<div class=\"elementor-element elementor-element-68b1f57 elementor-cta--layout-image-right elementor-cta--valign-middle cta-boxes elementor-widget__width-inherit elementor-cta--mobile-layout-image-above elementor-cta--skin-classic elementor-animated-content elementor-widget elementor-widget-call-to-action\" data-id=\"68b1f57\" data-element_type=\"widget\" data-widget_type=\"call-to-action.default\">\n\t\t\t\t<div class=\"elementor-widget-container\">\n\t\t\t\t\t\t\t<div class=\"elementor-cta\">\n\t\t\t\t\t<div class=\"elementor-cta__bg-wrapper\">\n\t\t\t\t<div class=\"elementor-cta__bg elementor-bg\" style=\"background-image: url(https:\/\/www.viskanspa.no\/wp-content\/uploads\/2022\/09\/spa3-copy-768x860.jpg);\" role=\"img\" aria-label=\"spa3 copy\"><\/div>\n\t\t\t\t<div class=\"elementor-cta__bg-overlay\"><\/div>\n\t\t\t<\/div>\n\t\t\t\t\t\t\t<div class=\"elementor-cta__content\">\n\t\t\t\t\n\t\t\t\t\t\t\t\t\t<h2 class=\"elementor-cta__title elementor-cta__content-item elementor-content-item\">\n\t\t\t\t\t\tUnikt, p\u00e5litelig system \u2013 lange, varme bad hele \u00e5ret\t\t\t\t\t<\/h2>\n\t\t\t\t\n\t\t\t\t\t\t\t\t\t<div class=\"elementor-cta__description elementor-cta__content-item elementor-content-item\">\n\t\t\t\t\t\tVi bruker Balboa watergroup som leverand\u00f8r av styringssystem. I tillegg til at vi har valgt \u00e5 bruke titanvarmere for lengre levetid p\u00e5 varmeren, og p\u00e5 de fleste av v\u00e5re spabad har Balboa ogs\u00e5 utviklet et unikt styringssystem for oss. Her kan du kj\u00f8re massasjepumpene samtidig som varmeren varmer opp badevannet ditt. Dette er et must i v\u00e5rt nordiske klima. Hvis ikke vil vannet miste temperaturen veldig fort - uansett hvilken isolasjon du har p\u00e5 siden av badet. Bad i et utend\u00f8rs boblebad i en behagelig temperatur med Viskan Spabad - \u00e5ret rundt.\t\t\t\t\t<\/div>\n\t\t\t\t\n\t\t\t\t\t\t\t<\/div>\n\t\t\t\t\t\t<\/div>\n\t\t\t\t\t\t<\/div>\n\t\t\t\t<\/div>\n\t\t\t\t<div class=\"elementor-element elementor-element-7b893fd elementor-cta--layout-image-left elementor-cta--valign-middle cta-boxes elementor-widget__width-inherit elementor-cta--mobile-layout-image-above elementor-cta--skin-classic elementor-animated-content elementor-widget elementor-widget-call-to-action\" data-id=\"7b893fd\" data-element_type=\"widget\" data-widget_type=\"call-to-action.default\">\n\t\t\t\t<div class=\"elementor-widget-container\">\n\t\t\t\t\t\t\t<div class=\"elementor-cta\">\n\t\t\t\t\t<div class=\"elementor-cta__bg-wrapper\">\n\t\t\t\t<div class=\"elementor-cta__bg elementor-bg\" style=\"background-image: url(https:\/\/www.viskanspa.no\/wp-content\/uploads\/2022\/06\/DSC_6063.jpg);\" role=\"img\" aria-label=\"DSC_6063\"><\/div>\n\t\t\t\t<div class=\"elementor-cta__bg-overlay\"><\/div>\n\t\t\t<\/div>\n\t\t\t\t\t\t\t<div class=\"elementor-cta__content\">\n\t\t\t\t\n\t\t\t\t\t\t\t\t\t<h2 class=\"elementor-cta__title elementor-cta__content-item elementor-content-item\">\n\t\t\t\t\t\tSkallet \u2013 Markedets tykkeste skall\t\t\t\t\t<\/h2>\n\t\t\t\t\n\t\t\t\t\t\t\t\t\t<div class=\"elementor-cta__description elementor-cta__content-item elementor-content-item\">\n\t\t\t\t\t\tDet viktigste med et spabad er skallet. Ubestridelig. Derfor har vi valgt \u00e5 satse p\u00e5 markedets tykkeste skall, fra den beste leverand\u00f8ren. Skallet p\u00e5 et Viskan Spa er mer enn dobbelt s\u00e5 tykkt som normalt, og er bygget opp av b\u00e5de akryl og ABS, for best mulig styrke og fleksibilitet. Platen forsterkes med flere lag av polyuretan (PUR) for maksimal styrke. Dette reduserer ogs\u00e5 lyden og fungerer som et ekstra lag med isolasjon, og er mye bedre for milj\u00f8et enn tradisjonell glassfiberforsterkning. Den tykke platen gj\u00f8r at du med god samvittighet kan nyte et spabad utend\u00f8rs, selv p\u00e5 \u00e5rets kaldeste dager.\t\t\t\t\t<\/div>\n\t\t\t\t\n\t\t\t\t\t\t\t<\/div>\n\t\t\t\t\t\t<\/div>\n\t\t\t\t\t\t<\/div>\n\t\t\t\t<\/div>\n\t\t\t\t<div class=\"elementor-element elementor-element-eb329e3 elementor-cta--layout-image-right elementor-cta--valign-middle cta-boxes elementor-widget__width-inherit elementor-cta--mobile-layout-image-above elementor-cta--skin-classic elementor-animated-content elementor-widget elementor-widget-call-to-action\" data-id=\"eb329e3\" data-element_type=\"widget\" data-widget_type=\"call-to-action.default\">\n\t\t\t\t<div class=\"elementor-widget-container\">\n\t\t\t\t\t\t\t<div class=\"elementor-cta\">\n\t\t\t\t\t<div class=\"elementor-cta__bg-wrapper\">\n\t\t\t\t<div class=\"elementor-cta__bg elementor-bg\" style=\"background-image: url(https:\/\/www.viskanspa.no\/wp-content\/uploads\/2022\/09\/Isolering-1-768x454.jpg);\" role=\"img\" aria-label=\"Isolering (1)\"><\/div>\n\t\t\t\t<div class=\"elementor-cta__bg-overlay\"><\/div>\n\t\t\t<\/div>\n\t\t\t\t\t\t\t<div class=\"elementor-cta__content\">\n\t\t\t\t\n\t\t\t\t\t\t\t\t\t<h2 class=\"elementor-cta__title elementor-cta__content-item elementor-content-item\">\n\t\t\t\t\t\t Isolasjon \u2013 Energieffektiv og SP-testet\t\t\t\t\t<\/h2>\n\t\t\t\t\n\t\t\t\t\t\t\t\t\t<div class=\"elementor-cta__description elementor-cta__content-item elementor-content-item\">\n\t\t\t\t\t\tViskan sine spabad er dokumentert \u00e5 v\u00e6re energieffektive, takket v\u00e6re flere lag med isolasjon og luftbarrierer, samt at vi gjenbruker varmen fra boblebadets pumper. En annen fordel med v\u00e5r isolasjon er at spaene er sv\u00e6rt servicevennlige og enkle \u00e5 vedlikeholde, noe som kan spare deg for mange tusen kroner i fremtiden. Lave energikostnader + stor servicevennlighet = lavest mulig drifts\u00f8konomi. Isolasjonen p\u00e5 v\u00e5re runde bad, Dons\u00f6 og Harmoni mangler den lydabsorberende isolasjonen, men isolasjonsevnen er den samme som p\u00e5 S- og V-serien.\t\t\t\t\t<\/div>\n\t\t\t\t\n\t\t\t\t\t\t\t<\/div>\n\t\t\t\t\t\t<\/div>\n\t\t\t\t\t\t<\/div>\n\t\t\t\t<\/div>\n\t\t\t\t<div class=\"elementor-element elementor-element-d9293a2 elementor-cta--layout-image-left elementor-cta--valign-middle cta-boxes elementor-widget__width-inherit elementor-cta--mobile-layout-image-above elementor-cta--skin-classic elementor-animated-content elementor-widget elementor-widget-call-to-action\" data-id=\"d9293a2\" data-element_type=\"widget\" data-widget_type=\"call-to-action.default\">\n\t\t\t\t<div class=\"elementor-widget-container\">\n\t\t\t\t\t\t\t<div class=\"elementor-cta\">\n\t\t\t\t\t<div class=\"elementor-cta__bg-wrapper\">\n\t\t\t\t<div class=\"elementor-cta__bg elementor-bg\" style=\"background-image: url(https:\/\/www.viskanspa.no\/wp-content\/uploads\/2022\/09\/frank-mckenna-561774-unsplash-1-768x511.jpg);\" role=\"img\" aria-label=\"frank-mckenna-561774-unsplash (1)\"><\/div>\n\t\t\t\t<div class=\"elementor-cta__bg-overlay\"><\/div>\n\t\t\t<\/div>\n\t\t\t\t\t\t\t<div class=\"elementor-cta__content\">\n\t\t\t\t\n\t\t\t\t\t\t\t\t\t<h2 class=\"elementor-cta__title elementor-cta__content-item elementor-content-item\">\n\t\t\t\t\t\tRent vann \t\t\t\t\t<\/h2>\n\t\t\t\t\n\t\t\t\t\t\t\t\t\t<div class=\"elementor-cta__description elementor-cta__content-item elementor-content-item\">\n\t\t\t\t\t\tEt friskt og rent vann er en forutsetning for at du skal kunne nyte og trives i boblebadet ditt. For \u00e5 oppn\u00e5  at vannet er renest mulig med minimal bruk av ulike kjemikalier er de fleste av v\u00e5re modeller utstyrt med UV-C rensing, kraftfulle filtre og en energieffektiv og programmerbar sirkulasjonspumpe.\t\t\t\t\t<\/div>\n\t\t\t\t\n\t\t\t\t\t\t\t<\/div>\n\t\t\t\t\t\t<\/div>\n\t\t\t\t\t\t<\/div>\n\t\t\t\t<\/div>\n\t\t\t\t<div class=\"elementor-element elementor-element-ddd3ca2 elementor-cta--layout-image-right elementor-cta--valign-middle cta-boxes elementor-widget__width-inherit elementor-cta--mobile-layout-image-above elementor-cta--skin-classic elementor-animated-content elementor-widget elementor-widget-call-to-action\" data-id=\"ddd3ca2\" data-element_type=\"widget\" data-widget_type=\"call-to-action.default\">\n\t\t\t\t<div class=\"elementor-widget-container\">\n\t\t\t\t\t\t\t<div class=\"elementor-cta\">\n\t\t\t\t\t<div class=\"elementor-cta__bg-wrapper\">\n\t\t\t\t<div class=\"elementor-cta__bg elementor-bg\" style=\"background-image: url(https:\/\/www.viskanspa.no\/wp-content\/uploads\/2022\/09\/Testen-1-768x392.jpg);\" role=\"img\" aria-label=\"Testen (1)\"><\/div>\n\t\t\t\t<div class=\"elementor-cta__bg-overlay\"><\/div>\n\t\t\t<\/div>\n\t\t\t\t\t\t\t<div class=\"elementor-cta__content\">\n\t\t\t\t\n\t\t\t\t\t\t\t\t\t<h2 class=\"elementor-cta__title elementor-cta__content-item elementor-content-item\">\n\t\t\t\t\t\tKvalitetskomponenter \u2013Detaljene avgj\u00f8r forskjellen\t\t\t\t\t<\/h2>\n\t\t\t\t\n\t\t\t\t\t\t\t\t\t<div class=\"elementor-cta__description elementor-cta__content-item elementor-content-item\">\n\t\t\t\t\t\tDet er de sm\u00e5 tingene som tetninger, o-ringer, pakninger og til og med silikon og lim som gj\u00f8r en stor forskjell. \u00c5 bruke riktige produkter til riktig form\u00e5l er helt avgj\u00f8rende for hvor holdbart spabadet ditt vil v\u00e6re. Vi bruker Viton-tetninger til pumpene som er ca. fire ganger bedre enn tradisjonell EPDM-tetningene. P\u00e5 de fleste av v\u00e5re spabad bruker vi en mye tryggere monteringsmetode for massasjedysene hvor vi unng\u00e5r silikon og mutter og dermed lekkasje p\u00e5 grunn av for d\u00e5rlig eller foreldet silikon og\/eller plastmutter.\t\t\t\t\t<\/div>\n\t\t\t\t\n\t\t\t\t\t\t\t<\/div>\n\t\t\t\t\t\t<\/div>\n\t\t\t\t\t\t<\/div>\n\t\t\t\t<\/div>\n\t\t\t\t<div class=\"elementor-element elementor-element-e3f2560 elementor-cta--layout-image-left elementor-cta--valign-middle cta-boxes elementor-widget__width-inherit elementor-cta--mobile-layout-image-above elementor-cta--skin-classic elementor-animated-content elementor-widget elementor-widget-call-to-action\" data-id=\"e3f2560\" data-element_type=\"widget\" data-widget_type=\"call-to-action.default\">\n\t\t\t\t<div class=\"elementor-widget-container\">\n\t\t\t\t\t\t\t<div class=\"elementor-cta\">\n\t\t\t\t\t<div class=\"elementor-cta__bg-wrapper\">\n\t\t\t\t<div class=\"elementor-cta__bg elementor-bg\" style=\"background-image: url(https:\/\/www.viskanspa.no\/wp-content\/uploads\/2022\/09\/Lovo\u0308_ho\u0308st_3-copy-768x560.jpg);\" role=\"img\" aria-label=\"Lovo\u0308_ho\u0308st_3 copy\"><\/div>\n\t\t\t\t<div class=\"elementor-cta__bg-overlay\"><\/div>\n\t\t\t<\/div>\n\t\t\t\t\t\t\t<div class=\"elementor-cta__content\">\n\t\t\t\t\n\t\t\t\t\t\t\t\t\t<h2 class=\"elementor-cta__title elementor-cta__content-item elementor-content-item\">\n\t\t\t\t\t\t Separat programmerbar sirkulasjonspumpe\t\t\t\t\t<\/h2>\n\t\t\t\t\n\t\t\t\t\t\t\t\t\t<div class=\"elementor-cta__description elementor-cta__content-item elementor-content-item\">\n\t\t\t\t\t\tVi har valgt \u00e5 bruke en egen programmerbar sirkulasjonspumpe i alle v\u00e5re modeller. Grunnen til dette er at du f\u00e5r et tiln\u00e6rmet st\u00f8yfritt bad med lavere energikostnader og hvor du kan kontrollere hvor ofte vannet filtreres, fra 4 til 24 timer. Slitasjen reduseres ogs\u00e5 p\u00e5 de andre pumpene da disse da kun benyttes til selve vannmassasjen.\t\t\t\t\t<\/div>\n\t\t\t\t\n\t\t\t\t\t\t\t<\/div>\n\t\t\t\t\t\t<\/div>\n\t\t\t\t\t\t<\/div>\n\t\t\t\t<\/div>\n\t\t\t\t<div class=\"elementor-element elementor-element-0738e46 elementor-cta--layout-image-right elementor-cta--valign-middle cta-boxes elementor-widget__width-inherit elementor-cta--mobile-layout-image-above elementor-cta--skin-classic elementor-animated-content elementor-widget elementor-widget-call-to-action\" data-id=\"0738e46\" data-element_type=\"widget\" data-widget_type=\"call-to-action.default\">\n\t\t\t\t<div class=\"elementor-widget-container\">\n\t\t\t\t\t\t\t<div class=\"elementor-cta\">\n\t\t\t\t\t<div class=\"elementor-cta__bg-wrapper\">\n\t\t\t\t<div class=\"elementor-cta__bg elementor-bg\" style=\"background-image: url(https:\/\/www.viskanspa.no\/wp-content\/uploads\/2022\/05\/DSC9380-2.jpg);\" role=\"img\" aria-label=\"_DSC9380 (2)\"><\/div>\n\t\t\t\t<div class=\"elementor-cta__bg-overlay\"><\/div>\n\t\t\t<\/div>\n\t\t\t\t\t\t\t<div class=\"elementor-cta__content\">\n\t\t\t\t\n\t\t\t\t\t\t\t\t\t<h2 class=\"elementor-cta__title elementor-cta__content-item elementor-content-item\">\n\t\t\t\t\t\tLokket \u2013 Markedsledende\t\t\t\t\t<\/h2>\n\t\t\t\t\n\t\t\t\t\t\t\t\t\t<div class=\"elementor-cta__description elementor-cta__content-item elementor-content-item\">\n\t\t\t\t\t\tVi har ogs\u00e5 et av de beste lokkene p\u00e5 markedet \u2013 og varmen stiger som kjent. V\u00e5rt lokk er tykt og laget av skumplast med h\u00f8y tetthet, som i motsetning til de fleste andre lokk p\u00e5 markedet ogs\u00e5 har sv\u00e6rt gode isolerende egenskaper etter noen \u00e5r.\t\t\t\t\t<\/div>\n\t\t\t\t\n\t\t\t\t\t\t\t<\/div>\n\t\t\t\t\t\t<\/div>\n\t\t\t\t\t\t<\/div>\n\t\t\t\t<\/div>\n\t\t\t\t\t<\/div>\n\t\t<\/div>\n\t\t\t\t\t<\/div>\n\t\t<\/section>\n\t\t\t\t<\/div>","protected":false},"excerpt":{"rendered":"<p>Hvorfor Viskan Spa? For v\u00e5re forhold I Norge kan forskjellen mellom vinter og sommer v\u00e6re over 50\u00b0C. Men det er ikke kulden som er den st\u00f8rste utfordringen \u2013 det er den r\u00e5 fuktigheten og vinden. Basert p\u00e5 dette designer vi derfor v\u00e5re spa med f\u00f8lgende fordeler: Setedybde \u2013 Dypere enn konkurrentene \u00c5 bade ute om [&hellip;]<\/p>","protected":false},"author":1,"featured_media":0,"parent":0,"menu_order":0,"comment_status":"closed","ping_status":"closed","template":"","meta":{"_acf_changed":false,"om_disable_all_campaigns":false,"_monsterinsights_skip_tracking":false,"_monsterinsights_sitenote_active":false,"_monsterinsights_sitenote_note":"","_monsterinsights_sitenote_category":0,"footnotes":""},"class_list":["post-6503","page","type-page","status-publish","hentry"],"acf":[],"aioseo_notices":[],"_links":{"self":[{"href":"https:\/\/www.viskanspa.no\/en\/wp-json\/wp\/v2\/pages\/6503","targetHints":{"allow":["GET"]}}],"collection":[{"href":"https:\/\/www.viskanspa.no\/en\/wp-json\/wp\/v2\/pages"}],"about":[{"href":"https:\/\/www.viskanspa.no\/en\/wp-json\/wp\/v2\/types\/page"}],"author":[{"embeddable":true,"href":"https:\/\/www.viskanspa.no\/en\/wp-json\/wp\/v2\/users\/1"}],"replies":[{"embeddable":true,"href":"https:\/\/www.viskanspa.no\/en\/wp-json\/wp\/v2\/comments?post=6503"}],"version-history":[{"count":11,"href":"https:\/\/www.viskanspa.no\/en\/wp-json\/wp\/v2\/pages\/6503\/revisions"}],"predecessor-version":[{"id":16271,"href":"https:\/\/www.viskanspa.no\/en\/wp-json\/wp\/v2\/pages\/6503\/revisions\/16271"}],"wp:attachment":[{"href":"https:\/\/www.viskanspa.no\/en\/wp-json\/wp\/v2\/media?parent=6503"}],"curies":[{"name":"wp","href":"https:\/\/api.w.org\/{rel}","templated":true}]}}