{"id":14540,"date":"2024-12-09T10:01:49","date_gmt":"2024-12-09T10:01:49","guid":{"rendered":"https:\/\/www.viskanspa.no\/?page_id=14540"},"modified":"2024-12-09T12:48:17","modified_gmt":"2024-12-09T12:48:17","slug":"norrkoping","status":"publish","type":"page","link":"https:\/\/www.viskanspa.no\/en\/spabad\/norrkoping\/","title":{"rendered":"Norrk\u00f6ping"},"content":{"rendered":"<div data-elementor-type=\"wp-page\" data-elementor-id=\"14540\" class=\"elementor elementor-14540\" data-elementor-post-type=\"page\">\n\t\t\t\t\t\t<section class=\"elementor-section elementor-top-section elementor-element elementor-element-3e1e642 elementor-section-full_width elementor-section-content-middle elementor-section-height-min-height elementor-section-height-default elementor-section-items-middle\" data-id=\"3e1e642\" data-element_type=\"section\" data-settings=\"{&quot;background_background&quot;:&quot;classic&quot;}\">\n\t\t\t\t\t\t\t<div class=\"elementor-background-overlay\"><\/div>\n\t\t\t\t\t\t\t<div class=\"elementor-container elementor-column-gap-default\">\n\t\t\t\t\t<div class=\"elementor-column elementor-col-100 elementor-top-column elementor-element elementor-element-e39001f\" data-id=\"e39001f\" data-element_type=\"column\" data-settings=\"{&quot;background_background&quot;:&quot;classic&quot;}\">\n\t\t\t<div class=\"elementor-widget-wrap elementor-element-populated\">\n\t\t\t\t\t\t<div class=\"elementor-element elementor-element-af5ae0e elementor-widget elementor-widget-heading\" data-id=\"af5ae0e\" data-element_type=\"widget\" data-widget_type=\"heading.default\">\n\t\t\t\t<div class=\"elementor-widget-container\">\n\t\t\t\t\t<h1 class=\"elementor-heading-title elementor-size-default\">Spabad Norrk\u00f6ping<\/h1>\t\t\t\t<\/div>\n\t\t\t\t<\/div>\n\t\t\t\t\t<\/div>\n\t\t<\/div>\n\t\t\t\t\t<\/div>\n\t\t<\/section>\n\t\t\t\t<section class=\"elementor-section elementor-top-section elementor-element elementor-element-c3db270 elementor-section-content-middle elementor-section-boxed elementor-section-height-default elementor-section-height-default\" data-id=\"c3db270\" data-element_type=\"section\">\n\t\t\t\t\t\t<div class=\"elementor-container elementor-column-gap-default\">\n\t\t\t\t\t<div class=\"elementor-column elementor-col-50 elementor-top-column elementor-element elementor-element-d39497e\" data-id=\"d39497e\" data-element_type=\"column\">\n\t\t\t<div class=\"elementor-widget-wrap elementor-element-populated\">\n\t\t\t\t\t\t<div class=\"elementor-element elementor-element-c6abe1c elementor-widget elementor-widget-heading\" data-id=\"c6abe1c\" data-element_type=\"widget\" data-widget_type=\"heading.default\">\n\t\t\t\t<div class=\"elementor-widget-container\">\n\t\t\t\t\t<h2 class=\"elementor-heading-title elementor-size-default\">Viskan Spa: Din p\u00e5litliga partner f\u00f6r spabad i Norrk\u00f6ping<\/h2>\t\t\t\t<\/div>\n\t\t\t\t<\/div>\n\t\t\t\t<div class=\"elementor-element elementor-element-1babc0a elementor-widget elementor-widget-text-editor\" data-id=\"1babc0a\" data-element_type=\"widget\" data-widget_type=\"text-editor.default\">\n\t\t\t\t<div class=\"elementor-widget-container\">\n\t\t\t\t\t\t\t\t\t<p>Dr\u00f6mmer du om att kunna koppla av i ett eget spabad, oavsett \u00e5rstid? I Norrk\u00f6ping, med sina vackra omgivningar och skiftande v\u00e4der, \u00e4r ett spabad inte bara en lyx \u2013 det \u00e4r en plats d\u00e4r stress och vardagsbekymmer f\u00e5r sm\u00e4lta bort. Viskan Spa erbjuder ett brett utbud av premiumspabad som \u00e4r specialdesignade f\u00f6r att passa det nordiska klimatet, samtidigt som de ger dig den ultimata avkopplingen i ditt hem.<\/p>\t\t\t\t\t\t\t\t<\/div>\n\t\t\t\t<\/div>\n\t\t\t\t\t<\/div>\n\t\t<\/div>\n\t\t\t\t<div class=\"elementor-column elementor-col-50 elementor-top-column elementor-element elementor-element-4b5b809\" data-id=\"4b5b809\" data-element_type=\"column\">\n\t\t\t<div class=\"elementor-widget-wrap elementor-element-populated\">\n\t\t\t\t\t\t<div class=\"elementor-element elementor-element-c8a23be elementor-widget elementor-widget-image\" data-id=\"c8a23be\" data-element_type=\"widget\" data-widget_type=\"image.default\">\n\t\t\t\t<div class=\"elementor-widget-container\">\n\t\t\t\t\t\t\t\t\t\t\t\t\t\t\t<img fetchpriority=\"high\" decoding=\"async\" width=\"800\" height=\"600\" src=\"https:\/\/www.viskanspa.no\/wp-content\/uploads\/2024\/12\/pexels-marija-rusaka-3629008-6521665-1024x768.jpg\" class=\"attachment-large size-large wp-image-14542\" alt=\"\" srcset=\"https:\/\/www.viskanspa.no\/wp-content\/uploads\/2024\/12\/pexels-marija-rusaka-3629008-6521665-1024x768.jpg 1024w, https:\/\/www.viskanspa.no\/wp-content\/uploads\/2024\/12\/pexels-marija-rusaka-3629008-6521665-scaled-297x223.jpg 297w, https:\/\/www.viskanspa.no\/wp-content\/uploads\/2024\/12\/pexels-marija-rusaka-3629008-6521665-scaled-505x379.jpg 505w, https:\/\/www.viskanspa.no\/wp-content\/uploads\/2024\/12\/pexels-marija-rusaka-3629008-6521665-scaled-64x48.jpg 64w, https:\/\/www.viskanspa.no\/wp-content\/uploads\/2024\/12\/pexels-marija-rusaka-3629008-6521665-300x225.jpg 300w, https:\/\/www.viskanspa.no\/wp-content\/uploads\/2024\/12\/pexels-marija-rusaka-3629008-6521665-768x576.jpg 768w, https:\/\/www.viskanspa.no\/wp-content\/uploads\/2024\/12\/pexels-marija-rusaka-3629008-6521665-1536x1152.jpg 1536w, https:\/\/www.viskanspa.no\/wp-content\/uploads\/2024\/12\/pexels-marija-rusaka-3629008-6521665-2048x1536.jpg 2048w, https:\/\/www.viskanspa.no\/wp-content\/uploads\/2024\/12\/pexels-marija-rusaka-3629008-6521665-16x12.jpg 16w\" sizes=\"(max-width: 800px) 100vw, 800px\" \/>\t\t\t\t\t\t\t\t\t\t\t\t\t\t\t<\/div>\n\t\t\t\t<\/div>\n\t\t\t\t\t<\/div>\n\t\t<\/div>\n\t\t\t\t\t<\/div>\n\t\t<\/section>\n\t\t\t\t<section class=\"elementor-section elementor-top-section elementor-element elementor-element-9616a8a elementor-section-content-middle elementor-reverse-tablet elementor-reverse-mobile elementor-section-boxed elementor-section-height-default elementor-section-height-default\" data-id=\"9616a8a\" data-element_type=\"section\">\n\t\t\t\t\t\t<div class=\"elementor-container elementor-column-gap-default\">\n\t\t\t\t\t<div class=\"elementor-column elementor-col-50 elementor-top-column elementor-element elementor-element-bba8ea9\" data-id=\"bba8ea9\" data-element_type=\"column\">\n\t\t\t<div class=\"elementor-widget-wrap elementor-element-populated\">\n\t\t\t\t\t\t<div class=\"elementor-element elementor-element-04415dd elementor-widget elementor-widget-image\" data-id=\"04415dd\" data-element_type=\"widget\" data-widget_type=\"image.default\">\n\t\t\t\t<div class=\"elementor-widget-container\">\n\t\t\t\t\t\t\t\t\t\t\t\t\t\t\t<img decoding=\"async\" width=\"800\" height=\"560\" src=\"https:\/\/www.viskanspa.no\/wp-content\/uploads\/2022\/10\/Screenshot-2022-10-03-at-11.42.42-e1664790220177.jpg\" class=\"attachment-large size-large wp-image-7664\" alt=\"\" srcset=\"https:\/\/www.viskanspa.no\/wp-content\/uploads\/2022\/10\/Screenshot-2022-10-03-at-11.42.42-e1664790220177.jpg 800w, https:\/\/www.viskanspa.no\/wp-content\/uploads\/2022\/10\/Screenshot-2022-10-03-at-11.42.42-e1664790220177-297x208.jpg 297w, https:\/\/www.viskanspa.no\/wp-content\/uploads\/2022\/10\/Screenshot-2022-10-03-at-11.42.42-e1664790220177-505x354.jpg 505w, https:\/\/www.viskanspa.no\/wp-content\/uploads\/2022\/10\/Screenshot-2022-10-03-at-11.42.42-e1664790220177-64x45.jpg 64w, https:\/\/www.viskanspa.no\/wp-content\/uploads\/2022\/10\/Screenshot-2022-10-03-at-11.42.42-e1664790220177-300x210.jpg 300w, https:\/\/www.viskanspa.no\/wp-content\/uploads\/2022\/10\/Screenshot-2022-10-03-at-11.42.42-e1664790220177-768x538.jpg 768w\" sizes=\"(max-width: 800px) 100vw, 800px\" \/>\t\t\t\t\t\t\t\t\t\t\t\t\t\t\t<\/div>\n\t\t\t\t<\/div>\n\t\t\t\t\t<\/div>\n\t\t<\/div>\n\t\t\t\t<div class=\"elementor-column elementor-col-50 elementor-top-column elementor-element elementor-element-bf30aad\" data-id=\"bf30aad\" data-element_type=\"column\">\n\t\t\t<div class=\"elementor-widget-wrap elementor-element-populated\">\n\t\t\t\t\t\t<div class=\"elementor-element elementor-element-a0d8071 elementor-widget elementor-widget-heading\" data-id=\"a0d8071\" data-element_type=\"widget\" data-widget_type=\"heading.default\">\n\t\t\t\t<div class=\"elementor-widget-container\">\n\t\t\t\t\t<h2 class=\"elementor-heading-title elementor-size-default\">Varf\u00f6r ska man v\u00e4lja Viskan Spa f\u00f6r spabad i Norrk\u00f6ping?<\/h2>\t\t\t\t<\/div>\n\t\t\t\t<\/div>\n\t\t\t\t<div class=\"elementor-element elementor-element-5563b89 elementor-widget elementor-widget-text-editor\" data-id=\"5563b89\" data-element_type=\"widget\" data-widget_type=\"text-editor.default\">\n\t\t\t\t<div class=\"elementor-widget-container\">\n\t\t\t\t\t\t\t\t\t<h5>Skr\u00e4ddarsydda l\u00f6sningar<\/h5><p>I Norrk\u00f6ping, d\u00e4r stadens puls m\u00f6ter lugnet fr\u00e5n naturen, \u00e4r varje hem unikt. D\u00e4rf\u00f6r erbjuder vi spabad i olika storlekar, former och design som passar allt fr\u00e5n moderna tr\u00e4dg\u00e5rdar till mysiga villatomter. V\u00e5ra lokala experter hj\u00e4lper dig att hitta det perfekta spabadet.<\/p><h5>Svensk kvalitet m\u00f6ter h\u00e5llbar innovation<\/h5><p>Med ett spabad fr\u00e5n Viskan Spa investerar du i svenskt hantverk som h\u00e5ller f\u00f6r b\u00e5de tidens tand och det nordiska klimatet. V\u00e5ra spabad \u00e4r designade f\u00f6r att m\u00f6ta de skiftande f\u00f6rh\u00e5llandena i Norrk\u00f6ping \u2013 fr\u00e5n frostiga vinterkv\u00e4llar till ljumma sommarkv\u00e4llar. Vi kombinerar stilren design med h\u00e5llbar teknik f\u00f6r att skapa en produkt som ger b\u00e5de funktion och estetik.<\/p><h5>H\u00e5llbarhet f\u00f6r en gr\u00f6nare framtid<\/h5><p>Vi vet att milj\u00f6n \u00e4r viktig f\u00f6r m\u00e5nga i Norrk\u00f6ping, och d\u00e4rf\u00f6r \u00e4r v\u00e5ra spabad utformade med h\u00e5llbarhet i fokus. Med energieffektiva funktioner och materialval som v\u00e4rnar om naturen kan du njuta av avkoppling med gott samvete. P\u00e5 s\u00e5 s\u00e4tt bidrar du inte bara till en gr\u00f6nare framtid utan minskar \u00e4ven dina energikostnader<\/p>\t\t\t\t\t\t\t\t<\/div>\n\t\t\t\t<\/div>\n\t\t\t\t\t<\/div>\n\t\t<\/div>\n\t\t\t\t\t<\/div>\n\t\t<\/section>\n\t\t\t\t<section class=\"elementor-section elementor-top-section elementor-element elementor-element-088f879 elementor-section-content-middle elementor-section-boxed elementor-section-height-default elementor-section-height-default\" data-id=\"088f879\" data-element_type=\"section\">\n\t\t\t\t\t\t<div class=\"elementor-container elementor-column-gap-default\">\n\t\t\t\t\t<div class=\"elementor-column elementor-col-50 elementor-top-column elementor-element elementor-element-5f1e207\" data-id=\"5f1e207\" data-element_type=\"column\">\n\t\t\t<div class=\"elementor-widget-wrap elementor-element-populated\">\n\t\t\t\t\t\t<div class=\"elementor-element elementor-element-c623a12 elementor-widget elementor-widget-heading\" data-id=\"c623a12\" data-element_type=\"widget\" data-widget_type=\"heading.default\">\n\t\t\t\t<div class=\"elementor-widget-container\">\n\t\t\t\t\t<h2 class=\"elementor-heading-title elementor-size-default\">Lyxiga spabad f\u00f6r alla i Norrk\u00f6ping<\/h2>\t\t\t\t<\/div>\n\t\t\t\t<\/div>\n\t\t\t\t<div class=\"elementor-element elementor-element-778cf9d elementor-widget elementor-widget-text-editor\" data-id=\"778cf9d\" data-element_type=\"widget\" data-widget_type=\"text-editor.default\">\n\t\t\t\t<div class=\"elementor-widget-container\">\n\t\t\t\t\t\t\t\t\t<h5>Modeller som passar alla<\/h5><p>Fr\u00e5n kompakta spabad som smidigt f\u00e5r plats i innerstadens mysiga tr\u00e4dg\u00e5rdar till st\u00f6rre modeller som skapar en exklusiv oas i villatr\u00e4dg\u00e5rdar eller ute p\u00e5 landet \u2013 vi har n\u00e5got f\u00f6r alla i Norrk\u00f6ping. V\u00e5ra spabad \u00e4r utrustade med avancerade funktioner som hydroterapimassage, st\u00e4mningsfull LED-belysning och effektiva vattenreningssystem som h\u00e5ller vattnet kristallklart, oavsett hur ofta du anv\u00e4nder ditt spabad.<\/p><h5>Modern teknik f\u00f6r bekv\u00e4mlighet och h\u00e5llbarhet<\/h5><p>V\u00e5ra spabad fr\u00e5n Viskan Spa \u00e4r skr\u00e4ddarsydda f\u00f6r nordiska f\u00f6rh\u00e5llanden och klarar Norrk\u00f6pings varierande \u00e5rstider. Med den senaste tekniken f\u00f6r vattenrening och energibesparing kombinerar vi h\u00e5llbarhet med komfort. Smarta, anv\u00e4ndarv\u00e4nliga kontroller g\u00f6r det enkelt f\u00f6r dig att njuta av ditt spabad utan kr\u00e5ngliga inst\u00e4llningar \u2013 s\u00e5 du kan fokusera p\u00e5 det som \u00e4r viktigt, att koppla av.<\/p><h5>Design som f\u00f6rh\u00f6jer ditt hem<\/h5><p>Oavsett om ditt hem i Norrk\u00f6ping pr\u00e4glas av modern arkitektur eller charmig lantlig stil, erbjuder vi designalternativ som matchar din smak. V\u00e4lj mellan eleganta, minimalistiska utf\u00f6randen eller mer traditionella modeller \u2013 alla skapade f\u00f6r att sm\u00e4lta in i din utemilj\u00f6 och skapa en plats d\u00e4r du kan njuta av lugn och ro.<\/p>\t\t\t\t\t\t\t\t<\/div>\n\t\t\t\t<\/div>\n\t\t\t\t\t<\/div>\n\t\t<\/div>\n\t\t\t\t<div class=\"elementor-column elementor-col-50 elementor-top-column elementor-element elementor-element-6d3fc67\" data-id=\"6d3fc67\" data-element_type=\"column\">\n\t\t\t<div class=\"elementor-widget-wrap elementor-element-populated\">\n\t\t\t\t\t\t<div class=\"elementor-element elementor-element-0cf29ad elementor-widget elementor-widget-image\" data-id=\"0cf29ad\" data-element_type=\"widget\" data-widget_type=\"image.default\">\n\t\t\t\t<div class=\"elementor-widget-container\">\n\t\t\t\t\t\t\t\t\t\t\t\t\t\t\t<img decoding=\"async\" width=\"800\" height=\"533\" src=\"https:\/\/www.viskanspa.no\/wp-content\/uploads\/2022\/10\/Sanna_5-1-1024x682.jpg\" class=\"attachment-large size-large wp-image-7672\" alt=\"\" srcset=\"https:\/\/www.viskanspa.no\/wp-content\/uploads\/2022\/10\/Sanna_5-1-1024x682.jpg 1024w, https:\/\/www.viskanspa.no\/wp-content\/uploads\/2022\/10\/Sanna_5-1-297x198.jpg 297w, https:\/\/www.viskanspa.no\/wp-content\/uploads\/2022\/10\/Sanna_5-1-505x337.jpg 505w, https:\/\/www.viskanspa.no\/wp-content\/uploads\/2022\/10\/Sanna_5-1-64x43.jpg 64w, https:\/\/www.viskanspa.no\/wp-content\/uploads\/2022\/10\/Sanna_5-1-300x200.jpg 300w, https:\/\/www.viskanspa.no\/wp-content\/uploads\/2022\/10\/Sanna_5-1-768x512.jpg 768w, https:\/\/www.viskanspa.no\/wp-content\/uploads\/2022\/10\/Sanna_5-1-1536x1024.jpg 1536w, https:\/\/www.viskanspa.no\/wp-content\/uploads\/2022\/10\/Sanna_5-1.jpg 2000w\" sizes=\"(max-width: 800px) 100vw, 800px\" \/>\t\t\t\t\t\t\t\t\t\t\t\t\t\t\t<\/div>\n\t\t\t\t<\/div>\n\t\t\t\t\t<\/div>\n\t\t<\/div>\n\t\t\t\t\t<\/div>\n\t\t<\/section>\n\t\t\t\t<section class=\"elementor-section elementor-top-section elementor-element elementor-element-07e20c5 elementor-section-content-middle elementor-reverse-tablet elementor-reverse-mobile elementor-section-boxed elementor-section-height-default elementor-section-height-default\" data-id=\"07e20c5\" data-element_type=\"section\">\n\t\t\t\t\t\t<div class=\"elementor-container elementor-column-gap-default\">\n\t\t\t\t\t<div class=\"elementor-column elementor-col-50 elementor-top-column elementor-element elementor-element-c701e42\" data-id=\"c701e42\" data-element_type=\"column\">\n\t\t\t<div class=\"elementor-widget-wrap elementor-element-populated\">\n\t\t\t\t\t\t<div class=\"elementor-element elementor-element-2c1dab6 elementor-widget elementor-widget-image\" data-id=\"2c1dab6\" data-element_type=\"widget\" data-widget_type=\"image.default\">\n\t\t\t\t<div class=\"elementor-widget-container\">\n\t\t\t\t\t\t\t\t\t\t\t\t\t\t\t<img loading=\"lazy\" decoding=\"async\" width=\"566\" height=\"574\" src=\"https:\/\/www.viskanspa.no\/wp-content\/uploads\/2022\/09\/1-copy.jpg\" class=\"attachment-large size-large wp-image-7634\" alt=\"\" srcset=\"https:\/\/www.viskanspa.no\/wp-content\/uploads\/2022\/09\/1-copy.jpg 566w, https:\/\/www.viskanspa.no\/wp-content\/uploads\/2022\/09\/1-copy-297x301.jpg 297w, https:\/\/www.viskanspa.no\/wp-content\/uploads\/2022\/09\/1-copy-100x100.jpg 100w, https:\/\/www.viskanspa.no\/wp-content\/uploads\/2022\/09\/1-copy-505x512.jpg 505w, https:\/\/www.viskanspa.no\/wp-content\/uploads\/2022\/09\/1-copy-64x65.jpg 64w, https:\/\/www.viskanspa.no\/wp-content\/uploads\/2022\/09\/1-copy-296x300.jpg 296w\" sizes=\"(max-width: 566px) 100vw, 566px\" \/>\t\t\t\t\t\t\t\t\t\t\t\t\t\t\t<\/div>\n\t\t\t\t<\/div>\n\t\t\t\t\t<\/div>\n\t\t<\/div>\n\t\t\t\t<div class=\"elementor-column elementor-col-50 elementor-top-column elementor-element elementor-element-7b158e2\" data-id=\"7b158e2\" data-element_type=\"column\">\n\t\t\t<div class=\"elementor-widget-wrap elementor-element-populated\">\n\t\t\t\t\t\t<div class=\"elementor-element elementor-element-88f42be elementor-widget elementor-widget-heading\" data-id=\"88f42be\" data-element_type=\"widget\" data-widget_type=\"heading.default\">\n\t\t\t\t<div class=\"elementor-widget-container\">\n\t\t\t\t\t<h2 class=\"elementor-heading-title elementor-size-default\">Installation och Underh\u00e5ll i Norrk\u00f6ping<\/h2>\t\t\t\t<\/div>\n\t\t\t\t<\/div>\n\t\t\t\t<div class=\"elementor-element elementor-element-5836f35 elementor-widget elementor-widget-text-editor\" data-id=\"5836f35\" data-element_type=\"widget\" data-widget_type=\"text-editor.default\">\n\t\t\t\t<div class=\"elementor-widget-container\">\n\t\t\t\t\t\t\t\t\t<h5>Professionell installation i Norrk\u00f6ping<\/h5><p>Med Viskan Spa \u00e4r din spabadinstallation i trygga h\u00e4nder. V\u00e5ra lokala samarbetspartners i Norrk\u00f6ping ser till att allt g\u00e5r smidigt \u2013 fr\u00e5n leverans till installation och f\u00f6rsta ig\u00e5ngs\u00e4ttning. Vi hanterar varje detalj s\u00e5 att du kan luta dig tillbaka och b\u00f6rja njuta av ditt nya spabad utan dr\u00f6jsm\u00e5l.\u00a0<\/p><h5>Tryggt underh\u00e5ll f\u00f6r l\u00e5ngvarig njutning<\/h5><p>F\u00f6r att ditt spabad ska fungera problemfritt \u00e5r efter \u00e5r erbjuder v\u00e5ra leverant\u00f6rer omfattande underh\u00e5llstj\u00e4nster i Norrk\u00f6ping. Regelbundna kontroller och professionell r\u00e5dgivning \u00e4r bara ett telefonsamtal bort. Vi ser till att ditt spabad h\u00e5lls i toppskick, s\u00e5 att du alltid kan njuta av maximal avkoppling \u2013 utan bekymmer.<\/p>\t\t\t\t\t\t\t\t<\/div>\n\t\t\t\t<\/div>\n\t\t\t\t\t<\/div>\n\t\t<\/div>\n\t\t\t\t\t<\/div>\n\t\t<\/section>\n\t\t\t\t<section class=\"elementor-section elementor-top-section elementor-element elementor-element-8a4af52 elementor-section-boxed elementor-section-height-default elementor-section-height-default\" data-id=\"8a4af52\" data-element_type=\"section\">\n\t\t\t\t\t\t<div class=\"elementor-container elementor-column-gap-default\">\n\t\t\t\t\t<div class=\"elementor-column elementor-col-100 elementor-top-column elementor-element elementor-element-ca833dd\" data-id=\"ca833dd\" data-element_type=\"column\">\n\t\t\t<div class=\"elementor-widget-wrap elementor-element-populated\">\n\t\t\t\t\t\t<div class=\"elementor-element elementor-element-691eec0 elementor-widget elementor-widget-heading\" data-id=\"691eec0\" data-element_type=\"widget\" data-widget_type=\"heading.default\">\n\t\t\t\t<div class=\"elementor-widget-container\">\n\t\t\t\t\t<h2 class=\"elementor-heading-title elementor-size-default\">Vanliga fr\u00e5gor om spabad i Norrk\u00f6ping<\/h2>\t\t\t\t<\/div>\n\t\t\t\t<\/div>\n\t\t\t\t<div class=\"elementor-element elementor-element-06cbdfb elementor-widget elementor-widget-text-editor\" data-id=\"06cbdfb\" data-element_type=\"widget\" data-widget_type=\"text-editor.default\">\n\t\t\t\t<div class=\"elementor-widget-container\">\n\t\t\t\t\t\t\t\t\t<ul><li><p><strong>Hur hittar jag det perfekta spabadet f\u00f6r mitt hem i Norrk\u00f6ping?<\/strong> Att v\u00e4lja r\u00e4tt spabad handlar om att matcha dina behov med det b\u00e4sta alternativet. V\u00e5ra kunniga \u00e5terf\u00f6rs\u00e4ljare i Norrk\u00f6ping tar sig tid att f\u00f6rst\u00e5 hur du vill anv\u00e4nda ditt spabad \u2013 kanske f\u00f6r lugna stunder efter en promenad l\u00e4ngs Str\u00f6mmen eller som en samlingspunkt f\u00f6r familj och v\u00e4nner. Vi hj\u00e4lper dig att v\u00e4lja en modell som b\u00e5de passar din stil och utemilj\u00f6.<\/p><\/li><li><p><strong>Vad beh\u00f6ver jag t\u00e4nka p\u00e5 innan installationen?<\/strong> F\u00f6r att ditt spabad ska installeras smidigt \u00e4r det viktigt att ha en stabil och j\u00e4mn yta redo, samt tillg\u00e5ng till el och vatten. Om du \u00e4r os\u00e4ker p\u00e5 om din fastighet i Norrk\u00f6ping \u00e4r redo, erbjuder vi r\u00e5dgivning och hembes\u00f6k f\u00f6r att s\u00e4kerst\u00e4lla att allt \u00e4r p\u00e5 plats. V\u00e5rt m\u00e5l \u00e4r att g\u00f6ra hela processen enkel och problemfri f\u00f6r dig.<\/p><\/li><li><p><strong>\u00c4r spabaden fr\u00e5n Viskan Spa energieffektiva?<\/strong> Ja! V\u00e5ra spabad \u00e4r designade med det nordiska klimatet i \u00e5tanke, vilket g\u00f6r dem perfekta f\u00f6r Norrk\u00f6pings skiftande v\u00e4der. Med innovativa energibesparande funktioner kan du njuta av v\u00e4rmen \u00e5ret runt utan att oroa dig f\u00f6r h\u00f6ga driftkostnader. Dessutom bidrar du till en mer h\u00e5llbar framtid med v\u00e5ra milj\u00f6v\u00e4nliga l\u00f6sningar.<\/p><\/li><\/ul>\t\t\t\t\t\t\t\t<\/div>\n\t\t\t\t<\/div>\n\t\t\t\t<div class=\"elementor-element elementor-element-8dbc06d elementor-widget elementor-widget-heading\" data-id=\"8dbc06d\" data-element_type=\"widget\" data-widget_type=\"heading.default\">\n\t\t\t\t<div class=\"elementor-widget-container\">\n\t\t\t\t\t<h2 class=\"elementor-heading-title elementor-size-default\">Hitta din n\u00e4rmaste \u00e5terf\u00f6rs\u00e4ljare h\u00e4r<\/h2>\t\t\t\t<\/div>\n\t\t\t\t<\/div>\n\t\t\t\t<div class=\"elementor-element elementor-element-bf7ea6b elementor-align-center elementor-widget elementor-widget-button\" data-id=\"bf7ea6b\" data-element_type=\"widget\" data-widget_type=\"button.default\">\n\t\t\t\t<div class=\"elementor-widget-container\">\n\t\t\t\t\t\t\t\t\t<div class=\"elementor-button-wrapper\">\n\t\t\t\t\t<a class=\"elementor-button elementor-button-link elementor-size-sm\" href=\"\/en\/aterforsaljare\/\">\n\t\t\t\t\t\t<span class=\"elementor-button-content-wrapper\">\n\t\t\t\t\t\t\t\t\t<span class=\"elementor-button-text\">Se v\u00e5ra \u00e5terf\u00f6rs\u00e4ljare i Norrk\u00f6ping<\/span>\n\t\t\t\t\t<\/span>\n\t\t\t\t\t<\/a>\n\t\t\t\t<\/div>\n\t\t\t\t\t\t\t\t<\/div>\n\t\t\t\t<\/div>\n\t\t\t\t\t<\/div>\n\t\t<\/div>\n\t\t\t\t\t<\/div>\n\t\t<\/section>\n\t\t\t\t<\/div>","protected":false},"excerpt":{"rendered":"<p>Spabad Norrk\u00f6ping Viskan Spa: Din p\u00e5litliga partner f\u00f6r spabad i Norrk\u00f6ping Dr\u00f6mmer du om att kunna koppla av i ett eget spabad, oavsett \u00e5rstid? I Norrk\u00f6ping, med sina vackra omgivningar och skiftande v\u00e4der, \u00e4r ett spabad inte bara en lyx \u2013 det \u00e4r en plats d\u00e4r stress och vardagsbekymmer f\u00e5r sm\u00e4lta bort. Viskan Spa erbjuder [&hellip;]<\/p>","protected":false},"author":1,"featured_media":0,"parent":1812,"menu_order":0,"comment_status":"closed","ping_status":"closed","template":"","meta":{"_acf_changed":false,"om_disable_all_campaigns":false,"_monsterinsights_skip_tracking":false,"_monsterinsights_sitenote_active":false,"_monsterinsights_sitenote_note":"","_monsterinsights_sitenote_category":0,"footnotes":""},"class_list":["post-14540","page","type-page","status-publish","hentry"],"acf":[],"aioseo_notices":[],"_links":{"self":[{"href":"https:\/\/www.viskanspa.no\/en\/wp-json\/wp\/v2\/pages\/14540","targetHints":{"allow":["GET"]}}],"collection":[{"href":"https:\/\/www.viskanspa.no\/en\/wp-json\/wp\/v2\/pages"}],"about":[{"href":"https:\/\/www.viskanspa.no\/en\/wp-json\/wp\/v2\/types\/page"}],"author":[{"embeddable":true,"href":"https:\/\/www.viskanspa.no\/en\/wp-json\/wp\/v2\/users\/1"}],"replies":[{"embeddable":true,"href":"https:\/\/www.viskanspa.no\/en\/wp-json\/wp\/v2\/comments?post=14540"}],"version-history":[{"count":7,"href":"https:\/\/www.viskanspa.no\/en\/wp-json\/wp\/v2\/pages\/14540\/revisions"}],"predecessor-version":[{"id":14550,"href":"https:\/\/www.viskanspa.no\/en\/wp-json\/wp\/v2\/pages\/14540\/revisions\/14550"}],"up":[{"embeddable":true,"href":"https:\/\/www.viskanspa.no\/en\/wp-json\/wp\/v2\/pages\/1812"}],"wp:attachment":[{"href":"https:\/\/www.viskanspa.no\/en\/wp-json\/wp\/v2\/media?parent=14540"}],"curies":[{"name":"wp","href":"https:\/\/api.w.org\/{rel}","templated":true}]}}