{"id":12695,"date":"2024-03-25T11:29:54","date_gmt":"2024-03-25T11:29:54","guid":{"rendered":"https:\/\/www.viskanspa.no\/?page_id=12695"},"modified":"2025-06-15T06:23:14","modified_gmt":"2025-06-15T06:23:14","slug":"kampanj","status":"publish","type":"page","link":"https:\/\/www.viskanspa.no\/en\/kampanj\/","title":{"rendered":"Kampanje"},"content":{"rendered":"<div data-elementor-type=\"wp-page\" data-elementor-id=\"12695\" class=\"elementor elementor-12695\" data-elementor-post-type=\"page\">\n\t\t\t\t\t\t<section class=\"elementor-section elementor-top-section elementor-element elementor-element-34fa0eb elementor-section-full_width elementor-section-content-middle elementor-section-height-min-height elementor-section-height-default elementor-section-items-middle\" data-id=\"34fa0eb\" data-element_type=\"section\" data-settings=\"{&quot;background_background&quot;:&quot;classic&quot;}\">\n\t\t\t\t\t\t\t<div class=\"elementor-background-overlay\"><\/div>\n\t\t\t\t\t\t\t<div class=\"elementor-container elementor-column-gap-default\">\n\t\t\t\t\t<div class=\"elementor-column elementor-col-100 elementor-top-column elementor-element elementor-element-902ad08\" data-id=\"902ad08\" data-element_type=\"column\" data-settings=\"{&quot;background_background&quot;:&quot;classic&quot;}\">\n\t\t\t<div class=\"elementor-widget-wrap elementor-element-populated\">\n\t\t\t\t\t\t<div class=\"elementor-element elementor-element-350e816 elementor-widget elementor-widget-heading\" data-id=\"350e816\" data-element_type=\"widget\" data-widget_type=\"heading.default\">\n\t\t\t\t<div class=\"elementor-widget-container\">\n\t\t\t\t\t<h1 class=\"elementor-heading-title elementor-size-default\">Kampanje<\/h1>\t\t\t\t<\/div>\n\t\t\t\t<\/div>\n\t\t\t\t\t<\/div>\n\t\t<\/div>\n\t\t\t\t\t<\/div>\n\t\t<\/section>\n\t\t\t\t<section class=\"elementor-section elementor-top-section elementor-element elementor-element-9af1ec9 elementor-section-boxed elementor-section-height-default elementor-section-height-default\" data-id=\"9af1ec9\" data-element_type=\"section\">\n\t\t\t\t\t\t<div class=\"elementor-container elementor-column-gap-default\">\n\t\t\t\t\t<div class=\"elementor-column elementor-col-100 elementor-top-column elementor-element elementor-element-26569c2\" data-id=\"26569c2\" data-element_type=\"column\">\n\t\t\t<div class=\"elementor-widget-wrap elementor-element-populated\">\n\t\t\t\t\t\t<div class=\"elementor-element elementor-element-b3a8bcb elementor-widget elementor-widget-text-editor\" data-id=\"b3a8bcb\" data-element_type=\"widget\" data-widget_type=\"text-editor.default\">\n\t\t\t\t<div class=\"elementor-widget-container\">\n\t\t\t\t\t\t\t\t\t<h3 class=\"\" data-start=\"169\" data-end=\"225\">KJ\u00d8P EN AV V\u00c5RE UTSTILLINGSMODELLER<\/h3><h3 class=\"\" data-start=\"169\" data-end=\"225\"><span style=\"color: inherit; font-family: inherit; font-size: 16px;\">Fra til til annen bytter vi ut v\u00e5re utstillingsmodeller. Her <\/span><span style=\"color: inherit; font-family: inherit; font-size: 16px;\">har sjansen til \u00e5 virkeliggj\u00f8re dr\u00f8mmen om et eget spabad \u2013 til en veldig hyggelig pris!<\/span><\/h3>\t\t\t\t\t\t\t\t<\/div>\n\t\t\t\t<\/div>\n\t\t\t\t<div class=\"elementor-element elementor-element-e5f45df elementor-widget elementor-widget-heading\" data-id=\"e5f45df\" data-element_type=\"widget\" data-widget_type=\"heading.default\">\n\t\t\t\t<div class=\"elementor-widget-container\">\n\t\t\t\t\t<h2 class=\"elementor-heading-title elementor-size-default\">Hver dag er en Spadag!<\/h2>\t\t\t\t<\/div>\n\t\t\t\t<\/div>\n\t\t\t\t<div class=\"elementor-element elementor-element-3cfd369 elementor-widget elementor-widget-spacer\" data-id=\"3cfd369\" data-element_type=\"widget\" data-widget_type=\"spacer.default\">\n\t\t\t\t<div class=\"elementor-widget-container\">\n\t\t\t\t\t\t\t<div class=\"elementor-spacer\">\n\t\t\t<div class=\"elementor-spacer-inner\"><\/div>\n\t\t<\/div>\n\t\t\t\t\t\t<\/div>\n\t\t\t\t<\/div>\n\t\t\t\t\t<\/div>\n\t\t<\/div>\n\t\t\t\t\t<\/div>\n\t\t<\/section>\n\t\t\t\t<\/div>","protected":false},"excerpt":{"rendered":"<p>Kampanje KJ\u00d8P EN AV V\u00c5RE UTSTILLINGSMODELLER Fra til til annen bytter vi ut v\u00e5re utstillingsmodeller. Her har sjansen til \u00e5 virkeliggj\u00f8re dr\u00f8mmen om et eget spabad \u2013 til en veldig hyggelig pris! Hver dag er en Spadag!<\/p>","protected":false},"author":1,"featured_media":0,"parent":0,"menu_order":0,"comment_status":"closed","ping_status":"closed","template":"","meta":{"_acf_changed":false,"om_disable_all_campaigns":false,"_monsterinsights_skip_tracking":false,"_monsterinsights_sitenote_active":false,"_monsterinsights_sitenote_note":"","_monsterinsights_sitenote_category":0,"footnotes":""},"class_list":["post-12695","page","type-page","status-publish","hentry"],"acf":[],"aioseo_notices":[],"_links":{"self":[{"href":"https:\/\/www.viskanspa.no\/en\/wp-json\/wp\/v2\/pages\/12695","targetHints":{"allow":["GET"]}}],"collection":[{"href":"https:\/\/www.viskanspa.no\/en\/wp-json\/wp\/v2\/pages"}],"about":[{"href":"https:\/\/www.viskanspa.no\/en\/wp-json\/wp\/v2\/types\/page"}],"author":[{"embeddable":true,"href":"https:\/\/www.viskanspa.no\/en\/wp-json\/wp\/v2\/users\/1"}],"replies":[{"embeddable":true,"href":"https:\/\/www.viskanspa.no\/en\/wp-json\/wp\/v2\/comments?post=12695"}],"version-history":[{"count":72,"href":"https:\/\/www.viskanspa.no\/en\/wp-json\/wp\/v2\/pages\/12695\/revisions"}],"predecessor-version":[{"id":16315,"href":"https:\/\/www.viskanspa.no\/en\/wp-json\/wp\/v2\/pages\/12695\/revisions\/16315"}],"wp:attachment":[{"href":"https:\/\/www.viskanspa.no\/en\/wp-json\/wp\/v2\/media?parent=12695"}],"curies":[{"name":"wp","href":"https:\/\/api.w.org\/{rel}","templated":true}]}}