{"id":10262,"date":"2023-05-30T06:30:33","date_gmt":"2023-05-30T06:30:33","guid":{"rendered":"https:\/\/www.viskanspa.no\/?page_id=10262"},"modified":"2025-06-01T21:54:53","modified_gmt":"2025-06-01T21:54:53","slug":"bli-aterforsaljare","status":"publish","type":"page","link":"https:\/\/www.viskanspa.no\/en\/bli-aterforsaljare\/","title":{"rendered":"Bli forhandler"},"content":{"rendered":"<div data-elementor-type=\"wp-page\" data-elementor-id=\"10262\" class=\"elementor elementor-10262\" data-elementor-post-type=\"page\">\n\t\t\t\t\t\t<section class=\"elementor-section elementor-top-section elementor-element elementor-element-3e1e642 elementor-section-full_width elementor-section-content-middle elementor-section-height-min-height elementor-section-height-default elementor-section-items-middle\" data-id=\"3e1e642\" data-element_type=\"section\" data-settings=\"{&quot;background_background&quot;:&quot;classic&quot;}\">\n\t\t\t\t\t\t\t<div class=\"elementor-background-overlay\"><\/div>\n\t\t\t\t\t\t\t<div class=\"elementor-container elementor-column-gap-default\">\n\t\t\t\t\t<div class=\"elementor-column elementor-col-100 elementor-top-column elementor-element elementor-element-e39001f\" data-id=\"e39001f\" data-element_type=\"column\" data-settings=\"{&quot;background_background&quot;:&quot;classic&quot;}\">\n\t\t\t<div class=\"elementor-widget-wrap elementor-element-populated\">\n\t\t\t\t\t\t<div class=\"elementor-element elementor-element-af5ae0e elementor-widget elementor-widget-heading\" data-id=\"af5ae0e\" data-element_type=\"widget\" data-widget_type=\"heading.default\">\n\t\t\t\t<div class=\"elementor-widget-container\">\n\t\t\t\t\t<h1 class=\"elementor-heading-title elementor-size-default\">Bli forhandler<\/h1>\t\t\t\t<\/div>\n\t\t\t\t<\/div>\n\t\t\t\t\t<\/div>\n\t\t<\/div>\n\t\t\t\t\t<\/div>\n\t\t<\/section>\n\t\t\t\t<section class=\"elementor-section elementor-top-section elementor-element elementor-element-c3db270 elementor-section-content-middle elementor-section-boxed elementor-section-height-default elementor-section-height-default\" data-id=\"c3db270\" data-element_type=\"section\">\n\t\t\t\t\t\t<div class=\"elementor-container elementor-column-gap-default\">\n\t\t\t\t\t<div class=\"elementor-column elementor-col-50 elementor-top-column elementor-element elementor-element-d39497e\" data-id=\"d39497e\" data-element_type=\"column\">\n\t\t\t<div class=\"elementor-widget-wrap elementor-element-populated\">\n\t\t\t\t\t\t<div class=\"elementor-element elementor-element-c6abe1c elementor-widget elementor-widget-heading\" data-id=\"c6abe1c\" data-element_type=\"widget\" data-widget_type=\"heading.default\">\n\t\t\t\t<div class=\"elementor-widget-container\">\n\t\t\t\t\t<h2 class=\"elementor-heading-title elementor-size-default\">Kvalitet og Lidenskap: Viskan Spa s\u00f8ker etter nye forhandlere<\/h2>\t\t\t\t<\/div>\n\t\t\t\t<\/div>\n\t\t\t\t<div class=\"elementor-element elementor-element-1babc0a elementor-widget elementor-widget-text-editor\" data-id=\"1babc0a\" data-element_type=\"widget\" data-widget_type=\"text-editor.default\">\n\t\t\t\t<div class=\"elementor-widget-container\">\n\t\t\t\t\t\t\t\t\t<p class=\"p1\">Viskan Spa er en av Europas st\u00f8rste produsenter av spabad og har til hensikt \u00e5 vokse for \u00e5 bli enda st\u00f8rre og sterkere. Grunnlaget for dette ligger i dyktige og engasjerte ansatte og forhandlere som brenner for produktene v\u00e5re og for den merverdien og livskvaliteten vi \u00f8nsker \u00e5 formidle gjennom disse.<\/p><p class=\"p1\">\u00d8nsker du \u00e5 v\u00e6re en del av Viskan Spa og brenner for \u00e5 drive butikk, s\u00e5 ta gjerne kontakt med oss for mer informasjon om hvordan vi eventuelt kan finne et givende samarbeid.<\/p><p class=\"p1\"><b>For \u00f8yeblikket s\u00f8ker vi etter forhandlere over hele landet!<\/b><\/p><p class=\"p1\">Hvis du har en eksisterende butikk eller \u00f8nsker \u00e5 \u00e5pne en butikk et sted i Norge, vennligst kontakt oss\u00a0via mail: <a style=\"color: orange;\" href=\"mailto:post@badogfritid.no\">post@viskanspa.no<\/a><\/p><p class=\"p1\">Vi st\u00e5r for oppl\u00e6ring og deler av markedsmaterialet til butikken. Vi har ogs\u00e5 fordelaktige finansieringsl\u00f8sninger ang\u00e5ende utstillingsbad.<\/p>\t\t\t\t\t\t\t\t<\/div>\n\t\t\t\t<\/div>\n\t\t\t\t\t<\/div>\n\t\t<\/div>\n\t\t\t\t<div class=\"elementor-column elementor-col-50 elementor-top-column elementor-element elementor-element-4b5b809\" data-id=\"4b5b809\" data-element_type=\"column\">\n\t\t\t<div class=\"elementor-widget-wrap elementor-element-populated\">\n\t\t\t\t\t\t<div class=\"elementor-element elementor-element-c8a23be elementor-widget elementor-widget-image\" data-id=\"c8a23be\" data-element_type=\"widget\" data-widget_type=\"image.default\">\n\t\t\t\t<div class=\"elementor-widget-container\">\n\t\t\t\t\t\t\t\t\t\t\t\t\t\t\t<img fetchpriority=\"high\" decoding=\"async\" width=\"800\" height=\"560\" src=\"https:\/\/www.viskanspa.no\/wp-content\/uploads\/2022\/10\/Screenshot-2022-10-03-at-11.42.42-e1664790220177.jpg\" class=\"attachment-large size-large wp-image-7664\" alt=\"\" srcset=\"https:\/\/www.viskanspa.no\/wp-content\/uploads\/2022\/10\/Screenshot-2022-10-03-at-11.42.42-e1664790220177.jpg 800w, https:\/\/www.viskanspa.no\/wp-content\/uploads\/2022\/10\/Screenshot-2022-10-03-at-11.42.42-e1664790220177-297x208.jpg 297w, https:\/\/www.viskanspa.no\/wp-content\/uploads\/2022\/10\/Screenshot-2022-10-03-at-11.42.42-e1664790220177-505x354.jpg 505w, https:\/\/www.viskanspa.no\/wp-content\/uploads\/2022\/10\/Screenshot-2022-10-03-at-11.42.42-e1664790220177-64x45.jpg 64w, https:\/\/www.viskanspa.no\/wp-content\/uploads\/2022\/10\/Screenshot-2022-10-03-at-11.42.42-e1664790220177-300x210.jpg 300w, https:\/\/www.viskanspa.no\/wp-content\/uploads\/2022\/10\/Screenshot-2022-10-03-at-11.42.42-e1664790220177-768x538.jpg 768w\" sizes=\"(max-width: 800px) 100vw, 800px\" \/>\t\t\t\t\t\t\t\t\t\t\t\t\t\t\t<\/div>\n\t\t\t\t<\/div>\n\t\t\t\t\t<\/div>\n\t\t<\/div>\n\t\t\t\t\t<\/div>\n\t\t<\/section>\n\t\t\t\t<section class=\"elementor-section elementor-top-section elementor-element elementor-element-f7f20f9 elementor-section-content-middle elementor-section-boxed elementor-section-height-default elementor-section-height-default\" data-id=\"f7f20f9\" data-element_type=\"section\">\n\t\t\t\t\t\t<div class=\"elementor-container elementor-column-gap-default\">\n\t\t\t\t\t<div class=\"elementor-column elementor-col-100 elementor-top-column elementor-element elementor-element-92eb3dc\" data-id=\"92eb3dc\" data-element_type=\"column\">\n\t\t\t<div class=\"elementor-widget-wrap elementor-element-populated\">\n\t\t\t\t\t\t<div class=\"elementor-element elementor-element-844c684 elementor-widget elementor-widget-heading\" data-id=\"844c684\" data-element_type=\"widget\" data-widget_type=\"heading.default\">\n\t\t\t\t<div class=\"elementor-widget-container\">\n\t\t\t\t\t<h2 class=\"elementor-heading-title elementor-size-default\">Bruk gjerne dette skjemaet for \u00e5 komme i kontakt med oss<\/h2>\t\t\t\t<\/div>\n\t\t\t\t<\/div>\n\t\t\t\t<div class=\"elementor-element elementor-element-287effd elementor-align-center elementor-widget elementor-widget-button\" data-id=\"287effd\" data-element_type=\"widget\" data-widget_type=\"button.default\">\n\t\t\t\t<div class=\"elementor-widget-container\">\n\t\t\t\t\t\t\t\t\t<div class=\"elementor-button-wrapper\">\n\t\t\t\t\t<a class=\"elementor-button elementor-button-link elementor-size-sm\" href=\"mailto:post@badogfritid.no\">\n\t\t\t\t\t\t<span class=\"elementor-button-content-wrapper\">\n\t\t\t\t\t\t\t\t\t<span class=\"elementor-button-text\">TA KONTAKT MED OSS HER<\/span>\n\t\t\t\t\t<\/span>\n\t\t\t\t\t<\/a>\n\t\t\t\t<\/div>\n\t\t\t\t\t\t\t\t<\/div>\n\t\t\t\t<\/div>\n\t\t\t\t\t<\/div>\n\t\t<\/div>\n\t\t\t\t\t<\/div>\n\t\t<\/section>\n\t\t\t\t<\/div>","protected":false},"excerpt":{"rendered":"<p>Bli forhandler Kvalitet og Lidenskap: Viskan Spa s\u00f8ker etter nye forhandlere Viskan Spa er en av Europas st\u00f8rste produsenter av spabad og har til hensikt \u00e5 vokse for \u00e5 bli enda st\u00f8rre og sterkere. Grunnlaget for dette ligger i dyktige og engasjerte ansatte og forhandlere som brenner for produktene v\u00e5re og for den merverdien og [&hellip;]<\/p>","protected":false},"author":1,"featured_media":0,"parent":0,"menu_order":0,"comment_status":"closed","ping_status":"closed","template":"","meta":{"_acf_changed":false,"om_disable_all_campaigns":false,"_monsterinsights_skip_tracking":false,"_monsterinsights_sitenote_active":false,"_monsterinsights_sitenote_note":"","_monsterinsights_sitenote_category":0,"footnotes":""},"class_list":["post-10262","page","type-page","status-publish","hentry"],"acf":[],"aioseo_notices":[],"_links":{"self":[{"href":"https:\/\/www.viskanspa.no\/en\/wp-json\/wp\/v2\/pages\/10262","targetHints":{"allow":["GET"]}}],"collection":[{"href":"https:\/\/www.viskanspa.no\/en\/wp-json\/wp\/v2\/pages"}],"about":[{"href":"https:\/\/www.viskanspa.no\/en\/wp-json\/wp\/v2\/types\/page"}],"author":[{"embeddable":true,"href":"https:\/\/www.viskanspa.no\/en\/wp-json\/wp\/v2\/users\/1"}],"replies":[{"embeddable":true,"href":"https:\/\/www.viskanspa.no\/en\/wp-json\/wp\/v2\/comments?post=10262"}],"version-history":[{"count":40,"href":"https:\/\/www.viskanspa.no\/en\/wp-json\/wp\/v2\/pages\/10262\/revisions"}],"predecessor-version":[{"id":16278,"href":"https:\/\/www.viskanspa.no\/en\/wp-json\/wp\/v2\/pages\/10262\/revisions\/16278"}],"wp:attachment":[{"href":"https:\/\/www.viskanspa.no\/en\/wp-json\/wp\/v2\/media?parent=10262"}],"curies":[{"name":"wp","href":"https:\/\/api.w.org\/{rel}","templated":true}]}}